{"id":75814,"date":"2025-05-13T09:37:31","date_gmt":"2025-05-13T09:37:31","guid":{"rendered":"https:\/\/campgas.hr\/?page_id=75814"},"modified":"2025-05-13T09:58:25","modified_gmt":"2025-05-13T09:58:25","slug":"camp-boce","status":"publish","type":"page","link":"https:\/\/campgas.hr\/index.php\/camp-boce\/","title":{"rendered":"Camp boce"},"content":{"rendered":"\t\t<div data-elementor-type=\"wp-page\" data-elementor-id=\"75814\" class=\"elementor elementor-75814\">\n\t\t\t\t\t\t<section class=\"elementor-section elementor-top-section elementor-element elementor-element-81308e4 elementor-section-full_width elementor-section-height-default elementor-section-height-default\" data-id=\"81308e4\" data-element_type=\"section\">\n\t\t\t\t\t\t<div class=\"elementor-container elementor-column-gap-default\">\n\t\t\t\t\t<div class=\" elementor-column elementor-col-100 elementor-top-column elementor-element elementor-element-12a2808\" data-fullscreen-column-settings=\"{&quot;fullscreen&quot;:&quot;&quot;}\" data-id=\"12a2808\" data-element_type=\"column\">\n\t\t\t<div class=\"elementor-widget-wrap elementor-element-populated\">\n\t\t\t\t\t\t<div class=\"elementor-element elementor-element-ea27a16 elementor-widget elementor-widget-slider_revolution\" data-id=\"ea27a16\" data-element_type=\"widget\" data-widget_type=\"slider_revolution.default\">\n\t\t\t\t<div class=\"elementor-widget-container\">\n\t\t\t\t\t\n\t\t<div class=\"wp-block-themepunch-revslider\">\n\t\t\t<!-- START CAMPBOCE REVOLUTION SLIDER 6.6.20 --><p class=\"rs-p-wp-fix\"><\/p>\n\t\t\t<rs-module-wrap id=\"rev_slider_15_1_wrapper\" data-source=\"gallery\" style=\"visibility:hidden;background:transparent;padding:0;margin:0px auto;margin-top:0;margin-bottom:0;\">\n\t\t\t\t<rs-module id=\"rev_slider_15_1\" style=\"\" data-version=\"6.6.20\">\n\t\t\t\t\t<rs-slides style=\"overflow: hidden; position: absolute;\">\n\t\t\t\t\t\t<rs-slide style=\"position: absolute;\" data-key=\"rs-34\" data-title=\"Slide\" data-in=\"o:0;\" data-out=\"a:false;\">\n\t\t\t\t\t\t\t<img fetchpriority=\"high\" decoding=\"async\" src=\"\/\/campgas.hr\/wp-content\/plugins\/revslider\/public\/assets\/assets\/dummy.png\" alt=\"\" title=\"slider-2\" width=\"1920\" height=\"1100\" class=\"rev-slidebg tp-rs-img rs-lazyload\" data-lazyload=\"\/\/campgas.hr\/wp-content\/uploads\/2024\/04\/slider-2.jpg\" data-no-retina>\n<!--\n\t\t\t\t\t\t\t--><rs-layer\n\t\t\t\t\t\t\t\tid=\"slider-15-slide-34-layer-0\" \n\t\t\t\t\t\t\t\tdata-type=\"text\"\n\t\t\t\t\t\t\t\tdata-color=\"#fff\"\n\t\t\t\t\t\t\t\tdata-rsp_ch=\"on\"\n\t\t\t\t\t\t\t\tdata-xy=\"x:69px;y:321px;\"\n\t\t\t\t\t\t\t\tdata-text=\"w:normal;s:60;l:50;\"\n\t\t\t\t\t\t\t\tdata-dim=\"minh:0px;\"\n\t\t\t\t\t\t\t\tdata-frame_999=\"o:0;st:w;\"\n\t\t\t\t\t\t\t\tstyle=\"z-index:5;font-family:'Arial';\"\n\t\t\t\t\t\t\t>Camp boce \n\t\t\t\t\t\t\t<\/rs-layer><!--\n\n\t\t\t\t\t\t\t--><rs-layer\n\t\t\t\t\t\t\t\tid=\"slider-15-slide-34-layer-2\" \n\t\t\t\t\t\t\t\tdata-type=\"image\"\n\t\t\t\t\t\t\t\tdata-rsp_ch=\"on\"\n\t\t\t\t\t\t\t\tdata-xy=\"x:66px;y:229px;\"\n\t\t\t\t\t\t\t\tdata-text=\"w:normal;\"\n\t\t\t\t\t\t\t\tdata-dim=\"w:280px;h:63px;\"\n\t\t\t\t\t\t\t\tdata-frame_999=\"o:0;st:w;\"\n\t\t\t\t\t\t\t\tstyle=\"z-index:6;\"\n\t\t\t\t\t\t\t><img decoding=\"async\" src=\"\/\/campgas.hr\/wp-content\/plugins\/revslider\/public\/assets\/assets\/dummy.png\" alt=\"\" class=\"tp-rs-img rs-lazyload\" width=\"735\" height=\"165\" data-lazyload=\"\/\/campgas.hr\/wp-content\/uploads\/2024\/04\/breskovic-gas-logo-web.png\" data-no-retina> \n\t\t\t\t\t\t\t<\/rs-layer><!--\n-->\t\t\t\t\t\t<\/rs-slide>\n\t\t\t\t\t<\/rs-slides>\n\t\t\t\t<\/rs-module>\n\t\t\t\t<script>\n\t\t\t\t\tsetREVStartSize({c: 'rev_slider_15_1',rl:[1240,1024,778,480],el:[600],gw:[1240],gh:[600],type:'standard',justify:'',layout:'fullwidth',mh:\"0\"});if (window.RS_MODULES!==undefined && window.RS_MODULES.modules!==undefined && window.RS_MODULES.modules[\"revslider151\"]!==undefined) {window.RS_MODULES.modules[\"revslider151\"].once = false;window.revapi15 = undefined;if (window.RS_MODULES.checkMinimal!==undefined) window.RS_MODULES.checkMinimal()}\n\t\t\t\t<\/script>\n\t\t\t<\/rs-module-wrap>\n\t\t\t<!-- END REVOLUTION SLIDER -->\n<\/div>\n\n\t\t\t\t\t\t<\/div>\n\t\t\t\t<\/div>\n\t\t\t\t\t<\/div>\n\t\t<\/div>\n\t\t\t\t\t<\/div>\n\t\t<\/section>\n\t\t\t\t<section class=\"elementor-section elementor-top-section elementor-element elementor-element-eed5019 elementor-section-content-middle elementor-section-boxed elementor-section-height-default elementor-section-height-default\" data-id=\"eed5019\" data-element_type=\"section\">\n\t\t\t\t\t\t<div class=\"elementor-container elementor-column-gap-default\">\n\t\t\t\t\t<div class=\" elementor-column elementor-col-33 elementor-top-column elementor-element elementor-element-a168b16 elementor-invisible\" data-fullscreen-column-settings=\"{&quot;fullscreen&quot;:&quot;&quot;}\" data-id=\"a168b16\" data-element_type=\"column\" data-settings=\"{&quot;animation&quot;:&quot;fadeInUp&quot;}\">\n\t\t\t<div class=\"elementor-widget-wrap elementor-element-populated\">\n\t\t\t\t\t\t<div class=\"elementor-element elementor-element-644d7ff elementor-widget elementor-widget-litho-heading\" data-id=\"644d7ff\" data-element_type=\"widget\" data-widget_type=\"litho-heading.default\">\n\t\t\t\t<div class=\"elementor-widget-container\">\n\t\t\t\t\t<span class=\"litho-heading elementor-size-default\"><span class=\"litho-primary-title\">Bre\u0161kovi\u0107 gas<\/span><\/span>\t\t\t\t<\/div>\n\t\t\t\t<\/div>\n\t\t\t\t<div class=\"elementor-element elementor-element-c4d5c1d elementor-widget-tablet__width-initial elementor-widget-mobile__width-inherit elementor-widget elementor-widget-litho-heading\" data-id=\"c4d5c1d\" data-element_type=\"widget\" data-widget_type=\"litho-heading.default\">\n\t\t\t\t<div class=\"elementor-widget-container\">\n\t\t\t\t\t<h4 class=\"litho-heading elementor-size-default\"><span class=\"litho-primary-title\">Camp boce<\/span><\/h4>\t\t\t\t<\/div>\n\t\t\t\t<\/div>\n\t\t\t\t<div class=\"elementor-element elementor-element-1fe7dd1 elementor-widget elementor-widget-text-editor\" data-id=\"1fe7dd1\" data-element_type=\"widget\" data-widget_type=\"text-editor.default\">\n\t\t\t\t<div class=\"elementor-widget-container\">\n\t\t\t\t\t\t\t\t\t<p>Bitan izvor energije za kampiranje je plinska boca manjih dimenzija. Jedna takva boca lako se napuni butan propan plinom na benzinskim postajama (pla\u0107a se po litri plina), a trajat \u0107e vam kroz cijelo kampiranje ovisno o Va\u0161im potrebama. Male kamp plinske boce dolaze u 4 razli\u010ditih dimenzija:<\/p><ul class=\"wp-block-list\"><li>1 Kg \u00a0 \u00a0\u00a0<\/li><li>2 Kg \u00a0 \u00a0\u00a0<\/li><li>3 Kg \u00a0 \u00a0\u00a0<\/li><li>5 Kg \u00a0\u00a0<\/li><\/ul><p>Ovisno o vremenu trajanja Va\u0161eg kampiranja, i o vremenu posve\u0107enu kuhanjem, odredit \u0107ete Va\u0161u idealnu bocu. Npr. Ako kampiranje traje jedan vikend, boca od 1 Kg. biti \u0107e idealna kao odnos te\u017eine\/gabarita i potrebe plina. Za kampiranje od tjedan dana, boca od 2 ili 3 Kg. biti \u0107e prvi izbor. Kampiranje od 10 dana ili vi\u0161e zahtijevati \u0107e bocu od 5 Kg. Punjenje boca \u0107e te obaviti u punionicama plina ili u benzinskim postajama koja imaju priklju\u010dke za tu vrstu punjenja.<\/p>\t\t\t\t\t\t\t\t<\/div>\n\t\t\t\t<\/div>\n\t\t\t\t\t<\/div>\n\t\t<\/div>\n\t\t\t\t<div class=\" elementor-column elementor-col-33 elementor-top-column elementor-element elementor-element-1b659e0 elementor-hidden-tablet elementor-hidden-phone\" data-fullscreen-column-settings=\"{&quot;fullscreen&quot;:&quot;&quot;}\" data-id=\"1b659e0\" data-element_type=\"column\">\n\t\t\t<div class=\"elementor-widget-wrap\">\n\t\t\t\t\t\t\t<\/div>\n\t\t<\/div>\n\t\t\t\t<div class=\" elementor-column elementor-col-33 elementor-top-column elementor-element elementor-element-f86d6b8 elementor-invisible\" data-fullscreen-column-settings=\"{&quot;fullscreen&quot;:&quot;&quot;}\" data-id=\"f86d6b8\" data-element_type=\"column\" data-settings=\"{&quot;animation&quot;:&quot;fadeInRight&quot;,&quot;animation_delay&quot;:500}\">\n\t\t\t<div class=\"elementor-widget-wrap elementor-element-populated\">\n\t\t\t\t\t\t<div class=\"elementor-element elementor-element-e4f1afc elementor-widget elementor-widget-image\" data-id=\"e4f1afc\" data-element_type=\"widget\" data-widget_type=\"image.default\">\n\t\t\t\t<div class=\"elementor-widget-container\">\n\t\t\t\t\t\t\t\t\t\t\t\t\t\t\t<img decoding=\"async\" width=\"1500\" height=\"1500\" src=\"https:\/\/campgas.hr\/wp-content\/uploads\/2024\/04\/204186S-2.jpg\" class=\"attachment-full size-full wp-image-75594\" alt=\"\" srcset=\"https:\/\/campgas.hr\/wp-content\/uploads\/2024\/04\/204186S-2.jpg 1500w, https:\/\/campgas.hr\/wp-content\/uploads\/2024\/04\/204186S-2-300x300.jpg 300w, https:\/\/campgas.hr\/wp-content\/uploads\/2024\/04\/204186S-2-100x100.jpg 100w, https:\/\/campgas.hr\/wp-content\/uploads\/2024\/04\/204186S-2-600x600.jpg 600w, https:\/\/campgas.hr\/wp-content\/uploads\/2024\/04\/204186S-2-1024x1024.jpg 1024w, https:\/\/campgas.hr\/wp-content\/uploads\/2024\/04\/204186S-2-150x150.jpg 150w, https:\/\/campgas.hr\/wp-content\/uploads\/2024\/04\/204186S-2-768x768.jpg 768w, https:\/\/campgas.hr\/wp-content\/uploads\/2024\/04\/204186S-2-200x200.jpg 200w\" sizes=\"(max-width: 1500px) 100vw, 1500px\" \/>\t\t\t\t\t\t\t\t\t\t\t\t\t\t\t<\/div>\n\t\t\t\t<\/div>\n\t\t\t\t\t<\/div>\n\t\t<\/div>\n\t\t\t\t\t<\/div>\n\t\t<\/section>\n\t\t\t\t<\/div>\n\t\t","protected":false},"excerpt":{"rendered":"<p>Bre\u0161kovi\u0107 gas Camp boce Bitan izvor energije za kampiranje je plinska boca manjih dimenzija. Jedna takva boca lako se napuni butan propan plinom na benzinskim postajama (pla\u0107a se po litri plina), a trajat \u0107e vam kroz cijelo kampiranje ovisno o Va\u0161im potrebama. Male kamp plinske boce dolaze u 4 razli\u010ditih dimenzija: 1 Kg \u00a0 \u00a0\u00a0 [&hellip;]<\/p>\n","protected":false},"author":1,"featured_media":0,"parent":0,"menu_order":253,"comment_status":"closed","ping_status":"closed","template":"","meta":{"footnotes":""},"class_list":["post-75814","page","type-page","status-publish","hentry"],"_links":{"self":[{"href":"https:\/\/campgas.hr\/index.php\/wp-json\/wp\/v2\/pages\/75814","targetHints":{"allow":["GET"]}}],"collection":[{"href":"https:\/\/campgas.hr\/index.php\/wp-json\/wp\/v2\/pages"}],"about":[{"href":"https:\/\/campgas.hr\/index.php\/wp-json\/wp\/v2\/types\/page"}],"author":[{"embeddable":true,"href":"https:\/\/campgas.hr\/index.php\/wp-json\/wp\/v2\/users\/1"}],"replies":[{"embeddable":true,"href":"https:\/\/campgas.hr\/index.php\/wp-json\/wp\/v2\/comments?post=75814"}],"version-history":[{"count":4,"href":"https:\/\/campgas.hr\/index.php\/wp-json\/wp\/v2\/pages\/75814\/revisions"}],"predecessor-version":[{"id":75821,"href":"https:\/\/campgas.hr\/index.php\/wp-json\/wp\/v2\/pages\/75814\/revisions\/75821"}],"wp:attachment":[{"href":"https:\/\/campgas.hr\/index.php\/wp-json\/wp\/v2\/media?parent=75814"}],"curies":[{"name":"wp","href":"https:\/\/api.w.org\/{rel}","templated":true}]}}