{"id":75834,"date":"2025-05-13T14:53:54","date_gmt":"2025-05-13T14:53:54","guid":{"rendered":"https:\/\/campgas.hr\/?page_id=75834"},"modified":"2025-05-13T14:57:11","modified_gmt":"2025-05-13T14:57:11","slug":"plinska-kuhala","status":"publish","type":"page","link":"https:\/\/campgas.hr\/index.php\/plinska-kuhala\/","title":{"rendered":"Plinska kuhala"},"content":{"rendered":"\t\t<div data-elementor-type=\"wp-page\" data-elementor-id=\"75834\" class=\"elementor elementor-75834\">\n\t\t\t\t\t\t<section class=\"elementor-section elementor-top-section elementor-element elementor-element-81308e4 elementor-section-full_width elementor-section-height-default elementor-section-height-default\" data-id=\"81308e4\" data-element_type=\"section\">\n\t\t\t\t\t\t<div class=\"elementor-container elementor-column-gap-default\">\n\t\t\t\t\t<div class=\" elementor-column elementor-col-100 elementor-top-column elementor-element elementor-element-12a2808\" data-fullscreen-column-settings=\"{&quot;fullscreen&quot;:&quot;&quot;}\" data-id=\"12a2808\" data-element_type=\"column\">\n\t\t\t<div class=\"elementor-widget-wrap elementor-element-populated\">\n\t\t\t\t\t\t<div class=\"elementor-element elementor-element-ea27a16 elementor-widget elementor-widget-slider_revolution\" data-id=\"ea27a16\" data-element_type=\"widget\" data-widget_type=\"slider_revolution.default\">\n\t\t\t\t<div class=\"elementor-widget-container\">\n\t\t\t\t\t\n\t\t<div class=\"wp-block-themepunch-revslider\">\n\t\t\t<!-- START plinskakuhala REVOLUTION SLIDER 6.6.20 --><p class=\"rs-p-wp-fix\"><\/p>\n\t\t\t<rs-module-wrap id=\"rev_slider_18_1_wrapper\" data-source=\"gallery\" style=\"visibility:hidden;background:transparent;padding:0;margin:0px auto;margin-top:0;margin-bottom:0;\">\n\t\t\t\t<rs-module id=\"rev_slider_18_1\" style=\"\" data-version=\"6.6.20\">\n\t\t\t\t\t<rs-slides style=\"overflow: hidden; position: absolute;\">\n\t\t\t\t\t\t<rs-slide style=\"position: absolute;\" data-key=\"rs-40\" data-title=\"Slide\" data-in=\"o:0;\" data-out=\"a:false;\">\n\t\t\t\t\t\t\t<img fetchpriority=\"high\" decoding=\"async\" src=\"\/\/campgas.hr\/wp-content\/plugins\/revslider\/public\/assets\/assets\/dummy.png\" alt=\"\" title=\"376908_4\" width=\"1000\" height=\"493\" class=\"rev-slidebg tp-rs-img rs-lazyload\" data-lazyload=\"\/\/campgas.hr\/wp-content\/uploads\/2025\/05\/376908_4-1.jpg\" data-no-retina>\n<!--\n\t\t\t\t\t\t\t--><rs-layer\n\t\t\t\t\t\t\t\tid=\"slider-18-slide-40-layer-0\" \n\t\t\t\t\t\t\t\tdata-type=\"text\"\n\t\t\t\t\t\t\t\tdata-color=\"#fff\"\n\t\t\t\t\t\t\t\tdata-rsp_ch=\"on\"\n\t\t\t\t\t\t\t\tdata-xy=\"x:69px;y:321px;\"\n\t\t\t\t\t\t\t\tdata-text=\"w:normal;s:60;l:50;\"\n\t\t\t\t\t\t\t\tdata-dim=\"minh:0px;\"\n\t\t\t\t\t\t\t\tdata-frame_999=\"o:0;st:w;\"\n\t\t\t\t\t\t\t\tstyle=\"z-index:5;font-family:'Arial';\"\n\t\t\t\t\t\t\t>Plinska kuhala \n\t\t\t\t\t\t\t<\/rs-layer><!--\n\n\t\t\t\t\t\t\t--><rs-layer\n\t\t\t\t\t\t\t\tid=\"slider-18-slide-40-layer-2\" \n\t\t\t\t\t\t\t\tdata-type=\"image\"\n\t\t\t\t\t\t\t\tdata-rsp_ch=\"on\"\n\t\t\t\t\t\t\t\tdata-xy=\"x:66px;y:229px;\"\n\t\t\t\t\t\t\t\tdata-text=\"w:normal;\"\n\t\t\t\t\t\t\t\tdata-dim=\"w:280px;h:63px;\"\n\t\t\t\t\t\t\t\tdata-frame_999=\"o:0;st:w;\"\n\t\t\t\t\t\t\t\tstyle=\"z-index:6;\"\n\t\t\t\t\t\t\t><img decoding=\"async\" src=\"\/\/campgas.hr\/wp-content\/plugins\/revslider\/public\/assets\/assets\/dummy.png\" alt=\"\" class=\"tp-rs-img rs-lazyload\" width=\"735\" height=\"165\" data-lazyload=\"\/\/campgas.hr\/wp-content\/uploads\/2024\/04\/breskovic-gas-logo-web.png\" data-no-retina> \n\t\t\t\t\t\t\t<\/rs-layer><!--\n-->\t\t\t\t\t\t<\/rs-slide>\n\t\t\t\t\t<\/rs-slides>\n\t\t\t\t<\/rs-module>\n\t\t\t\t<script>\n\t\t\t\t\tsetREVStartSize({c: 'rev_slider_18_1',rl:[1240,1024,778,480],el:[600],gw:[1240],gh:[600],type:'standard',justify:'',layout:'fullwidth',mh:\"0\"});if (window.RS_MODULES!==undefined && window.RS_MODULES.modules!==undefined && window.RS_MODULES.modules[\"revslider181\"]!==undefined) {window.RS_MODULES.modules[\"revslider181\"].once = false;window.revapi18 = undefined;if (window.RS_MODULES.checkMinimal!==undefined) window.RS_MODULES.checkMinimal()}\n\t\t\t\t<\/script>\n\t\t\t<\/rs-module-wrap>\n\t\t\t<!-- END REVOLUTION SLIDER -->\n<\/div>\n\n\t\t\t\t\t\t<\/div>\n\t\t\t\t<\/div>\n\t\t\t\t\t<\/div>\n\t\t<\/div>\n\t\t\t\t\t<\/div>\n\t\t<\/section>\n\t\t\t\t<section class=\"elementor-section elementor-top-section elementor-element elementor-element-eed5019 elementor-section-content-middle elementor-section-boxed elementor-section-height-default elementor-section-height-default\" data-id=\"eed5019\" data-element_type=\"section\">\n\t\t\t\t\t\t<div class=\"elementor-container elementor-column-gap-default\">\n\t\t\t\t\t<div class=\" elementor-column elementor-col-33 elementor-top-column elementor-element elementor-element-a168b16 elementor-invisible\" data-fullscreen-column-settings=\"{&quot;fullscreen&quot;:&quot;&quot;}\" data-id=\"a168b16\" data-element_type=\"column\" data-settings=\"{&quot;animation&quot;:&quot;fadeInUp&quot;}\">\n\t\t\t<div class=\"elementor-widget-wrap elementor-element-populated\">\n\t\t\t\t\t\t<div class=\"elementor-element elementor-element-644d7ff elementor-widget elementor-widget-litho-heading\" data-id=\"644d7ff\" data-element_type=\"widget\" data-widget_type=\"litho-heading.default\">\n\t\t\t\t<div class=\"elementor-widget-container\">\n\t\t\t\t\t<span class=\"litho-heading elementor-size-default\"><span class=\"litho-primary-title\">Bre\u0161kovi\u0107 gas<\/span><\/span>\t\t\t\t<\/div>\n\t\t\t\t<\/div>\n\t\t\t\t<div class=\"elementor-element elementor-element-c4d5c1d elementor-widget-tablet__width-initial elementor-widget-mobile__width-inherit elementor-widget elementor-widget-litho-heading\" data-id=\"c4d5c1d\" data-element_type=\"widget\" data-widget_type=\"litho-heading.default\">\n\t\t\t\t<div class=\"elementor-widget-container\">\n\t\t\t\t\t<h4 class=\"litho-heading elementor-size-default\"><span class=\"litho-primary-title\">Plinska kuhala<\/span><\/h4>\t\t\t\t<\/div>\n\t\t\t\t<\/div>\n\t\t\t\t<div class=\"elementor-element elementor-element-1fe7dd1 elementor-widget elementor-widget-text-editor\" data-id=\"1fe7dd1\" data-element_type=\"widget\" data-widget_type=\"text-editor.default\">\n\t\t\t\t<div class=\"elementor-widget-container\">\n\t\t\t\t\t\t\t\t\t<p class=\"\" data-start=\"143\" data-end=\"446\">Plinska kuhala postala su neizostavan dio opreme svakog zaljubljenika u prirodu, kampiranje, izlete brodom ili jednostavno u\u017eivanje u vrtu. Prakti\u010dna, u\u010dinkovita i jednostavna za kori\u0161tenje, ova kuhala omogu\u0107uju pripremu toplih obroka gdje god se nalazili \u2013 bez potrebe za elektri\u010dnom energijom.<\/p><h5 data-start=\"448\" data-end=\"473\">Prednosti i primjena<\/h5><p class=\"\" data-start=\"475\" data-end=\"881\">Jedna od glavnih prednosti outdoor plinskih kuhala je njihova mobilnost i prilagodljivost. Zahvaljuju\u0107i kompaktnom dizajnu i jednostavnom priklju\u010divanju na plinske boce (naj\u010de\u0161\u0107e butanske ili propanske), idealna su za razne aktivnosti na otvorenom. Bilo da pripremate doru\u010dak na kampiranju, kuhate ru\u010dak na ribolovu ili organizirate piknik uz more \u2013 plinsko kuhalo vam omogu\u0107uje potpunu kulinarsku slobodu.<\/p><h5 data-start=\"883\" data-end=\"909\">Kvaliteta i sigurnost<\/h5><p class=\"\" data-start=\"911\" data-end=\"1254\">Ve\u0107ina outdoor kuhala izra\u0111ena je od kvalitetnih i izdr\u017eljivih materijala poput nehr\u0111aju\u0107eg \u010delika ili emajliranih povr\u0161ina, \u010dime se osigurava otpornost na vlagu, toplinu i vremenske uvjete. Mnogi modeli imaju stabilno postolje, za\u0161titu od vjetra te mogu\u0107nost preciznog pode\u0161avanja ja\u010dine plamena, \u0161to omogu\u0107uje kontrolirano i sigurno kuhanje.<\/p><h5 data-start=\"1256\" data-end=\"1285\">Jednostavnost kori\u0161tenja<\/h5><p class=\"\" data-start=\"1287\" data-end=\"1569\">Za kori\u0161tenje outdoor plinskog kuhala nije potrebna nikakva tehni\u010dka vje\u0161tina. Dovoljno je spojiti regulator na bocu, otvoriti ventil i upaliti plamenik. U ponudi su modeli s jednim ili vi\u0161e plamenika, a dostupni su i prijenosni stolni modeli koji se lako spremaju i transportiraju.<\/p><h5 data-start=\"1571\" data-end=\"1598\">Idealno za sve prigode<\/h5><p class=\"\" data-start=\"1600\" data-end=\"1877\">Outdoor plinska kuhala savr\u0161eno su rje\u0161enje za sve koji ne \u017eele odustati od kvalitetnog i toplog obroka kada nisu kod ku\u0107e. Njihova pouzdanost, dugovje\u010dnost i u\u010dinkovitost \u010dine ih popularnim izborom me\u0111u putnicima, planinarima, kampistima i svim ljubiteljima boravka u prirodi.<\/p>\t\t\t\t\t\t\t\t<\/div>\n\t\t\t\t<\/div>\n\t\t\t\t\t<\/div>\n\t\t<\/div>\n\t\t\t\t<div class=\" elementor-column elementor-col-33 elementor-top-column elementor-element elementor-element-1b659e0 elementor-hidden-tablet elementor-hidden-phone\" data-fullscreen-column-settings=\"{&quot;fullscreen&quot;:&quot;&quot;}\" data-id=\"1b659e0\" data-element_type=\"column\">\n\t\t\t<div class=\"elementor-widget-wrap\">\n\t\t\t\t\t\t\t<\/div>\n\t\t<\/div>\n\t\t\t\t<div class=\" elementor-column elementor-col-33 elementor-top-column elementor-element elementor-element-f86d6b8 elementor-invisible\" data-fullscreen-column-settings=\"{&quot;fullscreen&quot;:&quot;&quot;}\" data-id=\"f86d6b8\" data-element_type=\"column\" data-settings=\"{&quot;animation&quot;:&quot;fadeInRight&quot;,&quot;animation_delay&quot;:500}\">\n\t\t\t<div class=\"elementor-widget-wrap elementor-element-populated\">\n\t\t\t\t\t\t<div class=\"elementor-element elementor-element-e4f1afc elementor-widget elementor-widget-image\" data-id=\"e4f1afc\" data-element_type=\"widget\" data-widget_type=\"image.default\">\n\t\t\t\t<div class=\"elementor-widget-container\">\n\t\t\t\t\t\t\t\t\t\t\t\t\t\t\t<img decoding=\"async\" width=\"967\" height=\"911\" src=\"https:\/\/campgas.hr\/wp-content\/uploads\/2025\/05\/14227_0_plinsko-kuhalo-pinguin-surpass-titan_1600x1200-md.png\" class=\"attachment-full size-full wp-image-75837\" alt=\"\" srcset=\"https:\/\/campgas.hr\/wp-content\/uploads\/2025\/05\/14227_0_plinsko-kuhalo-pinguin-surpass-titan_1600x1200-md.png 967w, https:\/\/campgas.hr\/wp-content\/uploads\/2025\/05\/14227_0_plinsko-kuhalo-pinguin-surpass-titan_1600x1200-md-300x283.png 300w, https:\/\/campgas.hr\/wp-content\/uploads\/2025\/05\/14227_0_plinsko-kuhalo-pinguin-surpass-titan_1600x1200-md-600x565.png 600w, https:\/\/campgas.hr\/wp-content\/uploads\/2025\/05\/14227_0_plinsko-kuhalo-pinguin-surpass-titan_1600x1200-md-768x724.png 768w, https:\/\/campgas.hr\/wp-content\/uploads\/2025\/05\/14227_0_plinsko-kuhalo-pinguin-surpass-titan_1600x1200-md-200x188.png 200w\" sizes=\"(max-width: 967px) 100vw, 967px\" \/>\t\t\t\t\t\t\t\t\t\t\t\t\t\t\t<\/div>\n\t\t\t\t<\/div>\n\t\t\t\t\t<\/div>\n\t\t<\/div>\n\t\t\t\t\t<\/div>\n\t\t<\/section>\n\t\t\t\t<\/div>\n\t\t","protected":false},"excerpt":{"rendered":"<p>Bre\u0161kovi\u0107 gas Plinska kuhala Plinska kuhala postala su neizostavan dio opreme svakog zaljubljenika u prirodu, kampiranje, izlete brodom ili jednostavno u\u017eivanje u vrtu. Prakti\u010dna, u\u010dinkovita i jednostavna za kori\u0161tenje, ova kuhala omogu\u0107uju pripremu toplih obroka gdje god se nalazili \u2013 bez potrebe za elektri\u010dnom energijom. Prednosti i primjena Jedna od glavnih prednosti outdoor plinskih kuhala [&hellip;]<\/p>\n","protected":false},"author":1,"featured_media":0,"parent":0,"menu_order":253,"comment_status":"closed","ping_status":"closed","template":"","meta":{"footnotes":""},"class_list":["post-75834","page","type-page","status-publish","hentry"],"_links":{"self":[{"href":"https:\/\/campgas.hr\/index.php\/wp-json\/wp\/v2\/pages\/75834","targetHints":{"allow":["GET"]}}],"collection":[{"href":"https:\/\/campgas.hr\/index.php\/wp-json\/wp\/v2\/pages"}],"about":[{"href":"https:\/\/campgas.hr\/index.php\/wp-json\/wp\/v2\/types\/page"}],"author":[{"embeddable":true,"href":"https:\/\/campgas.hr\/index.php\/wp-json\/wp\/v2\/users\/1"}],"replies":[{"embeddable":true,"href":"https:\/\/campgas.hr\/index.php\/wp-json\/wp\/v2\/comments?post=75834"}],"version-history":[{"count":4,"href":"https:\/\/campgas.hr\/index.php\/wp-json\/wp\/v2\/pages\/75834\/revisions"}],"predecessor-version":[{"id":75840,"href":"https:\/\/campgas.hr\/index.php\/wp-json\/wp\/v2\/pages\/75834\/revisions\/75840"}],"wp:attachment":[{"href":"https:\/\/campgas.hr\/index.php\/wp-json\/wp\/v2\/media?parent=75834"}],"curies":[{"name":"wp","href":"https:\/\/api.w.org\/{rel}","templated":true}]}}