{"id":75972,"date":"2025-08-29T16:39:50","date_gmt":"2025-08-29T16:39:50","guid":{"rendered":"https:\/\/campgas.hr\/?page_id=75972"},"modified":"2025-08-29T16:55:37","modified_gmt":"2025-08-29T16:55:37","slug":"camp","status":"publish","type":"page","link":"https:\/\/campgas.hr\/index.php\/camp\/","title":{"rendered":"Camp"},"content":{"rendered":"\t\t<div data-elementor-type=\"wp-page\" data-elementor-id=\"75972\" class=\"elementor elementor-75972\">\n\t\t\t\t\t\t<section class=\"elementor-section elementor-top-section elementor-element elementor-element-81308e4 elementor-section-full_width elementor-section-height-default elementor-section-height-default\" data-id=\"81308e4\" data-element_type=\"section\">\n\t\t\t\t\t\t<div class=\"elementor-container elementor-column-gap-default\">\n\t\t\t\t\t<div class=\" elementor-column elementor-col-100 elementor-top-column elementor-element elementor-element-12a2808\" data-fullscreen-column-settings=\"{&quot;fullscreen&quot;:&quot;&quot;}\" data-id=\"12a2808\" data-element_type=\"column\">\n\t\t\t<div class=\"elementor-widget-wrap elementor-element-populated\">\n\t\t\t\t\t\t<div class=\"elementor-element elementor-element-ea27a16 elementor-widget elementor-widget-slider_revolution\" data-id=\"ea27a16\" data-element_type=\"widget\" data-widget_type=\"slider_revolution.default\">\n\t\t\t\t<div class=\"elementor-widget-container\">\n\t\t\t\t\t\n\t\t<div class=\"wp-block-themepunch-revslider\">\n\t\t\t<!-- START regulatori REVOLUTION SLIDER 6.6.20 --><p class=\"rs-p-wp-fix\"><\/p>\n\t\t\t<rs-module-wrap id=\"rev_slider_17_1_wrapper\" data-source=\"gallery\" style=\"visibility:hidden;background:transparent;padding:0;margin:0px auto;margin-top:0;margin-bottom:0;\">\n\t\t\t\t<rs-module id=\"rev_slider_17_1\" style=\"\" data-version=\"6.6.20\">\n\t\t\t\t\t<rs-slides style=\"overflow: hidden; position: absolute;\">\n\t\t\t\t\t\t<rs-slide style=\"position: absolute;\" data-key=\"rs-39\" data-title=\"Slide\" data-in=\"o:0;\" data-out=\"a:false;\">\n\t\t\t\t\t\t\t<img fetchpriority=\"high\" decoding=\"async\" src=\"\/\/campgas.hr\/wp-content\/plugins\/revslider\/public\/assets\/assets\/dummy.png\" alt=\"\" title=\"Banner-Caramatic-Serie\" width=\"2560\" height=\"875\" class=\"rev-slidebg tp-rs-img rs-lazyload\" data-lazyload=\"\/\/campgas.hr\/wp-content\/uploads\/2025\/08\/Banner-Caramatic-Serie-scaled.jpg\" data-no-retina>\n<!--\n\t\t\t\t\t\t\t--><rs-layer\n\t\t\t\t\t\t\t\tid=\"slider-17-slide-39-layer-0\" \n\t\t\t\t\t\t\t\tdata-type=\"text\"\n\t\t\t\t\t\t\t\tdata-color=\"#fff\"\n\t\t\t\t\t\t\t\tdata-rsp_ch=\"on\"\n\t\t\t\t\t\t\t\tdata-xy=\"x:69px;y:321px;\"\n\t\t\t\t\t\t\t\tdata-text=\"w:normal;s:60;l:50;\"\n\t\t\t\t\t\t\t\tdata-dim=\"minh:0px;\"\n\t\t\t\t\t\t\t\tdata-frame_999=\"o:0;st:w;\"\n\t\t\t\t\t\t\t\tstyle=\"z-index:5;font-family:'Arial';\"\n\t\t\t\t\t\t\t>Rje\u0161enja za kampere<br> i kamp ku\u0107ice \n\t\t\t\t\t\t\t<\/rs-layer><!--\n\n\t\t\t\t\t\t\t--><rs-layer\n\t\t\t\t\t\t\t\tid=\"slider-17-slide-39-layer-2\" \n\t\t\t\t\t\t\t\tdata-type=\"image\"\n\t\t\t\t\t\t\t\tdata-rsp_ch=\"on\"\n\t\t\t\t\t\t\t\tdata-xy=\"x:66px;y:229px;\"\n\t\t\t\t\t\t\t\tdata-text=\"w:normal;\"\n\t\t\t\t\t\t\t\tdata-dim=\"w:280px;h:63px;\"\n\t\t\t\t\t\t\t\tdata-frame_999=\"o:0;st:w;\"\n\t\t\t\t\t\t\t\tstyle=\"z-index:6;\"\n\t\t\t\t\t\t\t><img decoding=\"async\" src=\"\/\/campgas.hr\/wp-content\/plugins\/revslider\/public\/assets\/assets\/dummy.png\" alt=\"\" class=\"tp-rs-img rs-lazyload\" width=\"735\" height=\"165\" data-lazyload=\"\/\/campgas.hr\/wp-content\/uploads\/2024\/04\/breskovic-gas-logo-web.png\" data-no-retina> \n\t\t\t\t\t\t\t<\/rs-layer><!--\n-->\t\t\t\t\t\t<\/rs-slide>\n\t\t\t\t\t<\/rs-slides>\n\t\t\t\t<\/rs-module>\n\t\t\t\t<script>\n\t\t\t\t\tsetREVStartSize({c: 'rev_slider_17_1',rl:[1240,1024,778,480],el:[600],gw:[1240],gh:[600],type:'standard',justify:'',layout:'fullwidth',mh:\"0\"});if (window.RS_MODULES!==undefined && window.RS_MODULES.modules!==undefined && window.RS_MODULES.modules[\"revslider171\"]!==undefined) {window.RS_MODULES.modules[\"revslider171\"].once = false;window.revapi17 = undefined;if (window.RS_MODULES.checkMinimal!==undefined) window.RS_MODULES.checkMinimal()}\n\t\t\t\t<\/script>\n\t\t\t<\/rs-module-wrap>\n\t\t\t<!-- END REVOLUTION SLIDER -->\n<\/div>\n\n\t\t\t\t\t\t<\/div>\n\t\t\t\t<\/div>\n\t\t\t\t\t<\/div>\n\t\t<\/div>\n\t\t\t\t\t<\/div>\n\t\t<\/section>\n\t\t\t\t<section class=\"elementor-section elementor-top-section elementor-element elementor-element-eed5019 elementor-section-content-middle elementor-section-boxed elementor-section-height-default elementor-section-height-default\" data-id=\"eed5019\" data-element_type=\"section\">\n\t\t\t\t\t\t<div class=\"elementor-container elementor-column-gap-default\">\n\t\t\t\t\t<div class=\" elementor-column elementor-col-33 elementor-top-column elementor-element elementor-element-a168b16 elementor-invisible\" data-fullscreen-column-settings=\"{&quot;fullscreen&quot;:&quot;&quot;}\" data-id=\"a168b16\" data-element_type=\"column\" data-settings=\"{&quot;animation&quot;:&quot;fadeInUp&quot;}\">\n\t\t\t<div class=\"elementor-widget-wrap elementor-element-populated\">\n\t\t\t\t\t\t<div class=\"elementor-element elementor-element-3103849 elementor-widget elementor-widget-image\" data-id=\"3103849\" data-element_type=\"widget\" data-widget_type=\"image.default\">\n\t\t\t\t<div class=\"elementor-widget-container\">\n\t\t\t\t\t\t\t\t\t\t\t\t\t\t\t<img decoding=\"async\" width=\"914\" height=\"298\" src=\"https:\/\/campgas.hr\/wp-content\/uploads\/2025\/08\/Screenshot-2025-08-29-at-18.27.27.png\" class=\"attachment-large size-large wp-image-75979\" alt=\"\" srcset=\"https:\/\/campgas.hr\/wp-content\/uploads\/2025\/08\/Screenshot-2025-08-29-at-18.27.27.png 914w, https:\/\/campgas.hr\/wp-content\/uploads\/2025\/08\/Screenshot-2025-08-29-at-18.27.27-300x98.png 300w, https:\/\/campgas.hr\/wp-content\/uploads\/2025\/08\/Screenshot-2025-08-29-at-18.27.27-600x196.png 600w, https:\/\/campgas.hr\/wp-content\/uploads\/2025\/08\/Screenshot-2025-08-29-at-18.27.27-768x250.png 768w, https:\/\/campgas.hr\/wp-content\/uploads\/2025\/08\/Screenshot-2025-08-29-at-18.27.27-18x6.png 18w, https:\/\/campgas.hr\/wp-content\/uploads\/2025\/08\/Screenshot-2025-08-29-at-18.27.27-200x65.png 200w\" sizes=\"(max-width: 914px) 100vw, 914px\" \/>\t\t\t\t\t\t\t\t\t\t\t\t\t\t\t<\/div>\n\t\t\t\t<\/div>\n\t\t\t\t<div class=\"elementor-element elementor-element-644d7ff elementor-widget elementor-widget-litho-heading\" data-id=\"644d7ff\" data-element_type=\"widget\" data-widget_type=\"litho-heading.default\">\n\t\t\t\t<div class=\"elementor-widget-container\">\n\t\t\t\t\t<span class=\"litho-heading elementor-size-default\"><span class=\"litho-primary-title\">Bre\u0161kovi\u0107 gas<\/span><\/span>\t\t\t\t<\/div>\n\t\t\t\t<\/div>\n\t\t\t\t<div class=\"elementor-element elementor-element-c4d5c1d elementor-widget-tablet__width-initial elementor-widget-mobile__width-inherit elementor-widget elementor-widget-litho-heading\" data-id=\"c4d5c1d\" data-element_type=\"widget\" data-widget_type=\"litho-heading.default\">\n\t\t\t\t<div class=\"elementor-widget-container\">\n\t\t\t\t\t<h4 class=\"litho-heading elementor-size-default\"><span class=\"litho-primary-title\">Primjer primjene:<\/span><\/h4>\t\t\t\t<\/div>\n\t\t\t\t<\/div>\n\t\t\t\t<div class=\"elementor-element elementor-element-1fe7dd1 elementor-widget elementor-widget-text-editor\" data-id=\"1fe7dd1\" data-element_type=\"widget\" data-widget_type=\"text-editor.default\">\n\t\t\t\t<div class=\"elementor-widget-container\">\n\t\t\t\t\t\t\t\t\t<p data-start=\"60\" data-end=\"322\">Predstavljeno rje\u0161enje povezivanja za kamp-ku\u0107ice i motorhome vozila klasi\u010dna je metoda spajanja plinske boce na dovodnu liniju vozila. Regulator niskog tlaka spaja se izravno na plinsku bocu. Sklop crijeva srednjeg tlaka stvara vezu s dovodnom linijom vozila.<\/p><p data-start=\"324\" data-end=\"745\">Kako bi se olak\u0161ala putovanja kroz Europu s razli\u010ditim priklju\u010dcima za boce, preporu\u010dujemo regulator niskog tlaka s nosa\u010dem za zid. Spoj s plinskom bocom ostvaruje se pomo\u0107u odgovaraju\u0107eg, za pojedinu zemlju specifi\u010dnog, visokotla\u010dnog crijeva, bez potrebe za zamjenom regulatora niskog tlaka. Izme\u0111u sklopa crijeva i regulatora niskog tlaka nalazi se plinski filter, koji \u0161titi spojne elemente i ure\u0111aje od one\u010di\u0161\u0107enja.<\/p><p data-start=\"747\" data-end=\"1055\">Uz varijantu izlazne kutije, plinska oprema poput ro\u0161tilja i \u0161tednjaka, izvan vozila, tako\u0111er se mo\u017ee opskrbljivati putem unutarnje LPG instalacije. Spoj na plinsku opremu ostvaruje se pomo\u0107u sklopa crijeva srednjeg tlaka i brzog spojnika na vozilu. Vlasnik vozila vi\u0161e ne mora nositi dodatne plinske boce.<\/p>\t\t\t\t\t\t\t\t<\/div>\n\t\t\t\t<\/div>\n\t\t\t\t\t<\/div>\n\t\t<\/div>\n\t\t\t\t<div class=\" elementor-column elementor-col-33 elementor-top-column elementor-element elementor-element-1b659e0 elementor-hidden-tablet elementor-hidden-phone\" data-fullscreen-column-settings=\"{&quot;fullscreen&quot;:&quot;&quot;}\" data-id=\"1b659e0\" data-element_type=\"column\">\n\t\t\t<div class=\"elementor-widget-wrap\">\n\t\t\t\t\t\t\t<\/div>\n\t\t<\/div>\n\t\t\t\t<div class=\" elementor-column elementor-col-33 elementor-top-column elementor-element elementor-element-f86d6b8 elementor-invisible\" data-fullscreen-column-settings=\"{&quot;fullscreen&quot;:&quot;&quot;}\" data-id=\"f86d6b8\" data-element_type=\"column\" data-settings=\"{&quot;animation&quot;:&quot;fadeInRight&quot;,&quot;animation_delay&quot;:500}\">\n\t\t\t<div class=\"elementor-widget-wrap elementor-element-populated\">\n\t\t\t\t\t\t<div class=\"elementor-element elementor-element-e4f1afc elementor-widget elementor-widget-image\" data-id=\"e4f1afc\" data-element_type=\"widget\" data-widget_type=\"image.default\">\n\t\t\t\t<div class=\"elementor-widget-container\">\n\t\t\t\t\t\t\t\t\t\t\t\t\t\t\t<img loading=\"lazy\" decoding=\"async\" width=\"1201\" height=\"601\" src=\"https:\/\/campgas.hr\/wp-content\/uploads\/2025\/08\/caravan_reisemobil_22-1.jpg\" class=\"attachment-full size-full wp-image-75974\" alt=\"\" srcset=\"https:\/\/campgas.hr\/wp-content\/uploads\/2025\/08\/caravan_reisemobil_22-1.jpg 1201w, https:\/\/campgas.hr\/wp-content\/uploads\/2025\/08\/caravan_reisemobil_22-1-300x150.jpg 300w, https:\/\/campgas.hr\/wp-content\/uploads\/2025\/08\/caravan_reisemobil_22-1-600x300.jpg 600w, https:\/\/campgas.hr\/wp-content\/uploads\/2025\/08\/caravan_reisemobil_22-1-1024x512.jpg 1024w, https:\/\/campgas.hr\/wp-content\/uploads\/2025\/08\/caravan_reisemobil_22-1-768x384.jpg 768w, https:\/\/campgas.hr\/wp-content\/uploads\/2025\/08\/caravan_reisemobil_22-1-18x9.jpg 18w, https:\/\/campgas.hr\/wp-content\/uploads\/2025\/08\/caravan_reisemobil_22-1-200x100.jpg 200w\" sizes=\"(max-width: 1201px) 100vw, 1201px\" \/>\t\t\t\t\t\t\t\t\t\t\t\t\t\t\t<\/div>\n\t\t\t\t<\/div>\n\t\t\t\t\t<\/div>\n\t\t<\/div>\n\t\t\t\t\t<\/div>\n\t\t<\/section>\n\t\t\t\t<\/div>\n\t\t","protected":false},"excerpt":{"rendered":"<p>Bre\u0161kovi\u0107 gas Primjer primjene: Predstavljeno rje\u0161enje povezivanja za kamp-ku\u0107ice i motorhome vozila klasi\u010dna je metoda spajanja plinske boce na dovodnu liniju vozila. Regulator niskog tlaka spaja se izravno na plinsku bocu. Sklop crijeva srednjeg tlaka stvara vezu s dovodnom linijom vozila. Kako bi se olak\u0161ala putovanja kroz Europu s razli\u010ditim priklju\u010dcima za boce, preporu\u010dujemo regulator [&hellip;]<\/p>\n","protected":false},"author":1,"featured_media":0,"parent":0,"menu_order":253,"comment_status":"closed","ping_status":"closed","template":"","meta":{"footnotes":""},"class_list":["post-75972","page","type-page","status-publish","hentry"],"_links":{"self":[{"href":"https:\/\/campgas.hr\/index.php\/wp-json\/wp\/v2\/pages\/75972","targetHints":{"allow":["GET"]}}],"collection":[{"href":"https:\/\/campgas.hr\/index.php\/wp-json\/wp\/v2\/pages"}],"about":[{"href":"https:\/\/campgas.hr\/index.php\/wp-json\/wp\/v2\/types\/page"}],"author":[{"embeddable":true,"href":"https:\/\/campgas.hr\/index.php\/wp-json\/wp\/v2\/users\/1"}],"replies":[{"embeddable":true,"href":"https:\/\/campgas.hr\/index.php\/wp-json\/wp\/v2\/comments?post=75972"}],"version-history":[{"count":7,"href":"https:\/\/campgas.hr\/index.php\/wp-json\/wp\/v2\/pages\/75972\/revisions"}],"predecessor-version":[{"id":75982,"href":"https:\/\/campgas.hr\/index.php\/wp-json\/wp\/v2\/pages\/75972\/revisions\/75982"}],"wp:attachment":[{"href":"https:\/\/campgas.hr\/index.php\/wp-json\/wp\/v2\/media?parent=75972"}],"curies":[{"name":"wp","href":"https:\/\/api.w.org\/{rel}","templated":true}]}}