{"id":75983,"date":"2025-08-29T17:02:59","date_gmt":"2025-08-29T17:02:59","guid":{"rendered":"https:\/\/campgas.hr\/?page_id=75983"},"modified":"2025-08-29T17:16:37","modified_gmt":"2025-08-29T17:16:37","slug":"marine","status":"publish","type":"page","link":"https:\/\/campgas.hr\/index.php\/marine\/","title":{"rendered":"Marine"},"content":{"rendered":"\t\t<div data-elementor-type=\"wp-page\" data-elementor-id=\"75983\" class=\"elementor elementor-75983\">\n\t\t\t\t\t\t<section class=\"elementor-section elementor-top-section elementor-element elementor-element-81308e4 elementor-section-full_width elementor-section-height-default elementor-section-height-default\" data-id=\"81308e4\" data-element_type=\"section\">\n\t\t\t\t\t\t<div class=\"elementor-container elementor-column-gap-default\">\n\t\t\t\t\t<div class=\" elementor-column elementor-col-100 elementor-top-column elementor-element elementor-element-12a2808\" data-fullscreen-column-settings=\"{&quot;fullscreen&quot;:&quot;&quot;}\" data-id=\"12a2808\" data-element_type=\"column\">\n\t\t\t<div class=\"elementor-widget-wrap elementor-element-populated\">\n\t\t\t\t\t\t<div class=\"elementor-element elementor-element-ea27a16 elementor-widget elementor-widget-slider_revolution\" data-id=\"ea27a16\" data-element_type=\"widget\" data-widget_type=\"slider_revolution.default\">\n\t\t\t\t<div class=\"elementor-widget-container\">\n\t\t\t\t\t\n\t\t<div class=\"wp-block-themepunch-revslider\">\n\t\t\t<!-- START marine REVOLUTION SLIDER 6.6.20 --><p class=\"rs-p-wp-fix\"><\/p>\n\t\t\t<rs-module-wrap id=\"rev_slider_22_1_wrapper\" data-source=\"gallery\" style=\"visibility:hidden;background:transparent;padding:0;margin:0px auto;margin-top:0;margin-bottom:0;\">\n\t\t\t\t<rs-module id=\"rev_slider_22_1\" style=\"\" data-version=\"6.6.20\">\n\t\t\t\t\t<rs-slides style=\"overflow: hidden; position: absolute;\">\n\t\t\t\t\t\t<rs-slide style=\"position: absolute;\" data-key=\"rs-45\" data-title=\"Slide\" data-in=\"o:0;\" data-out=\"a:false;\">\n\t\t\t\t\t\t\t<img fetchpriority=\"high\" decoding=\"async\" src=\"\/\/campgas.hr\/wp-content\/plugins\/revslider\/public\/assets\/assets\/dummy.png\" alt=\"\" title=\"Young,Couple,Enjoys,Sailing,In,The,Tropical,Sea,At,Sunset\" width=\"2560\" height=\"1707\" class=\"rev-slidebg tp-rs-img rs-lazyload\" data-lazyload=\"\/\/campgas.hr\/wp-content\/uploads\/2025\/08\/shutterstock_1670622079-scaled-1.jpg\" data-no-retina>\n<!--\n\t\t\t\t\t\t\t--><rs-layer\n\t\t\t\t\t\t\t\tid=\"slider-22-slide-45-layer-0\" \n\t\t\t\t\t\t\t\tdata-type=\"text\"\n\t\t\t\t\t\t\t\tdata-color=\"#fff\"\n\t\t\t\t\t\t\t\tdata-rsp_ch=\"on\"\n\t\t\t\t\t\t\t\tdata-xy=\"x:69px;y:321px;\"\n\t\t\t\t\t\t\t\tdata-text=\"w:normal;s:60;l:50;\"\n\t\t\t\t\t\t\t\tdata-dim=\"minh:0px;\"\n\t\t\t\t\t\t\t\tdata-frame_999=\"o:0;st:w;\"\n\t\t\t\t\t\t\t\tstyle=\"z-index:5;font-family:'Arial';\"\n\t\t\t\t\t\t\t>Rje\u0161enja za Brodove \n\t\t\t\t\t\t\t<\/rs-layer><!--\n\n\t\t\t\t\t\t\t--><rs-layer\n\t\t\t\t\t\t\t\tid=\"slider-22-slide-45-layer-2\" \n\t\t\t\t\t\t\t\tdata-type=\"image\"\n\t\t\t\t\t\t\t\tdata-rsp_ch=\"on\"\n\t\t\t\t\t\t\t\tdata-xy=\"x:66px;y:229px;\"\n\t\t\t\t\t\t\t\tdata-text=\"w:normal;\"\n\t\t\t\t\t\t\t\tdata-dim=\"w:280px;h:63px;\"\n\t\t\t\t\t\t\t\tdata-frame_999=\"o:0;st:w;\"\n\t\t\t\t\t\t\t\tstyle=\"z-index:6;\"\n\t\t\t\t\t\t\t><img decoding=\"async\" src=\"\/\/campgas.hr\/wp-content\/plugins\/revslider\/public\/assets\/assets\/dummy.png\" alt=\"\" class=\"tp-rs-img rs-lazyload\" width=\"735\" height=\"165\" data-lazyload=\"\/\/campgas.hr\/wp-content\/uploads\/2024\/04\/breskovic-gas-logo-web.png\" data-no-retina> \n\t\t\t\t\t\t\t<\/rs-layer><!--\n-->\t\t\t\t\t\t<\/rs-slide>\n\t\t\t\t\t<\/rs-slides>\n\t\t\t\t<\/rs-module>\n\t\t\t\t<script>\n\t\t\t\t\tsetREVStartSize({c: 'rev_slider_22_1',rl:[1240,1024,778,480],el:[600],gw:[1240],gh:[600],type:'standard',justify:'',layout:'fullwidth',mh:\"0\"});if (window.RS_MODULES!==undefined && window.RS_MODULES.modules!==undefined && window.RS_MODULES.modules[\"revslider221\"]!==undefined) {window.RS_MODULES.modules[\"revslider221\"].once = false;window.revapi22 = undefined;if (window.RS_MODULES.checkMinimal!==undefined) window.RS_MODULES.checkMinimal()}\n\t\t\t\t<\/script>\n\t\t\t<\/rs-module-wrap>\n\t\t\t<!-- END REVOLUTION SLIDER -->\n<\/div>\n\n\t\t\t\t\t\t<\/div>\n\t\t\t\t<\/div>\n\t\t\t\t\t<\/div>\n\t\t<\/div>\n\t\t\t\t\t<\/div>\n\t\t<\/section>\n\t\t\t\t<section class=\"elementor-section elementor-top-section elementor-element elementor-element-eed5019 elementor-section-content-middle elementor-section-boxed elementor-section-height-default elementor-section-height-default\" data-id=\"eed5019\" data-element_type=\"section\">\n\t\t\t\t\t\t<div class=\"elementor-container elementor-column-gap-default\">\n\t\t\t\t\t<div class=\" elementor-column elementor-col-33 elementor-top-column elementor-element elementor-element-a168b16 elementor-invisible\" data-fullscreen-column-settings=\"{&quot;fullscreen&quot;:&quot;&quot;}\" data-id=\"a168b16\" data-element_type=\"column\" data-settings=\"{&quot;animation&quot;:&quot;fadeInUp&quot;}\">\n\t\t\t<div class=\"elementor-widget-wrap elementor-element-populated\">\n\t\t\t\t\t\t<div class=\"elementor-element elementor-element-6e694f4 elementor-widget elementor-widget-image\" data-id=\"6e694f4\" data-element_type=\"widget\" data-widget_type=\"image.default\">\n\t\t\t\t<div class=\"elementor-widget-container\">\n\t\t\t\t\t\t\t\t\t\t\t\t\t\t\t<img decoding=\"async\" width=\"914\" height=\"298\" src=\"https:\/\/campgas.hr\/wp-content\/uploads\/2025\/08\/Screenshot-2025-08-29-at-18.27.27.png\" class=\"attachment-large size-large wp-image-75979\" alt=\"\" srcset=\"https:\/\/campgas.hr\/wp-content\/uploads\/2025\/08\/Screenshot-2025-08-29-at-18.27.27.png 914w, https:\/\/campgas.hr\/wp-content\/uploads\/2025\/08\/Screenshot-2025-08-29-at-18.27.27-300x98.png 300w, https:\/\/campgas.hr\/wp-content\/uploads\/2025\/08\/Screenshot-2025-08-29-at-18.27.27-600x196.png 600w, https:\/\/campgas.hr\/wp-content\/uploads\/2025\/08\/Screenshot-2025-08-29-at-18.27.27-768x250.png 768w, https:\/\/campgas.hr\/wp-content\/uploads\/2025\/08\/Screenshot-2025-08-29-at-18.27.27-18x6.png 18w, https:\/\/campgas.hr\/wp-content\/uploads\/2025\/08\/Screenshot-2025-08-29-at-18.27.27-200x65.png 200w\" sizes=\"(max-width: 914px) 100vw, 914px\" \/>\t\t\t\t\t\t\t\t\t\t\t\t\t\t\t<\/div>\n\t\t\t\t<\/div>\n\t\t\t\t<div class=\"elementor-element elementor-element-644d7ff elementor-widget elementor-widget-litho-heading\" data-id=\"644d7ff\" data-element_type=\"widget\" data-widget_type=\"litho-heading.default\">\n\t\t\t\t<div class=\"elementor-widget-container\">\n\t\t\t\t\t<span class=\"litho-heading elementor-size-default\"><span class=\"litho-primary-title\">Bre\u0161kovi\u0107 gas<\/span><\/span>\t\t\t\t<\/div>\n\t\t\t\t<\/div>\n\t\t\t\t<div class=\"elementor-element elementor-element-c4d5c1d elementor-widget-tablet__width-initial elementor-widget-mobile__width-inherit elementor-widget elementor-widget-litho-heading\" data-id=\"c4d5c1d\" data-element_type=\"widget\" data-widget_type=\"litho-heading.default\">\n\t\t\t\t<div class=\"elementor-widget-container\">\n\t\t\t\t\t<h4 class=\"litho-heading elementor-size-default\"><span class=\"litho-primary-title\">Marine Line<\/span><\/h4>\t\t\t\t<\/div>\n\t\t\t\t<\/div>\n\t\t\t\t<div class=\"elementor-element elementor-element-1fe7dd1 elementor-widget elementor-widget-text-editor\" data-id=\"1fe7dd1\" data-element_type=\"widget\" data-widget_type=\"text-editor.default\">\n\t\t\t\t<div class=\"elementor-widget-container\">\n\t\t\t\t\t\t\t\t\t<p data-start=\"35\" data-end=\"225\"><strong data-start=\"35\" data-end=\"98\">LPG sustavi na brodovima standardizirani su u EN ISO 10239.<\/strong><br data-start=\"98\" data-end=\"101\" \/>Ovaj standard uzima u obzir ekstremna optere\u0107enja, poput korozije, niskih i visokih temperatura te sna\u017enog kretanja broda.<\/p><p data-start=\"227\" data-end=\"358\">Mi smo te zahtjeve implementirali u na\u0161 izbor proizvoda za <strong data-start=\"286\" data-end=\"307\">pomorske primjene<\/strong>. Posebno zna\u010dajnu ulogu ima za\u0161tita od korozije.<\/p><p data-start=\"360\" data-end=\"495\">Stoga smo kao materijale koristili <strong data-start=\"395\" data-end=\"426\">nehr\u0111aju\u0107i \u010delik ili mesing<\/strong>. Ostali metali za\u0161ti\u0107eni su posebno kvalitetnim postupkom bojanja.<\/p><hr data-start=\"497\" data-end=\"500\" \/><p data-start=\"502\" data-end=\"577\"><strong data-start=\"502\" data-end=\"575\">Informacije o kori\u0161tenju regulatora niskog tlaka za pomorske primjene<\/strong><\/p><p data-start=\"579\" data-end=\"801\">U njema\u010dkom DVGW radnom listu G 608 <em data-start=\"615\" data-end=\"663\">\u201eMala plovila \u2013 Rad i ispitivanje LPG sustava\u201c<\/em> propisano je da se <strong data-start=\"683\" data-end=\"798\">regulatori tlaka i fleksibilna crijeva moraju zamijeniti novima najkasnije \u0161est godina nakon datuma proizvodnje<\/strong>.<\/p><p data-start=\"803\" data-end=\"974\">Ako je radni tlak sustava <strong data-start=\"829\" data-end=\"840\">30 mbar<\/strong>, sukladno G 608, u slu\u010daju zamjene mora se koristiti <strong data-start=\"894\" data-end=\"939\">regulator tlaka prema EN 16129, dodatak M<\/strong> (npr. katalo\u0161ki broj 01 280 14).<\/p><p data-start=\"976\" data-end=\"1103\">Za LPG sustave na brodovima s radnim tlakom od <strong data-start=\"1023\" data-end=\"1034\">50 mbar<\/strong> vrijedi <strong data-start=\"1043\" data-end=\"1065\">dopu\u0161tenje izuze\u0107a<\/strong>. Nema obveze prilagodbe na 30 mbar.<\/p><p data-start=\"1105\" data-end=\"1228\">Za LPG sustave prema EN ISO 10239, propisani su <strong data-start=\"1153\" data-end=\"1186\">regulatori tlaka s manometrom<\/strong> ili ugradnja <strong data-start=\"1200\" data-end=\"1225\">testera nepropusnosti<\/strong>.<\/p>\t\t\t\t\t\t\t\t<\/div>\n\t\t\t\t<\/div>\n\t\t\t\t\t<\/div>\n\t\t<\/div>\n\t\t\t\t<div class=\" elementor-column elementor-col-33 elementor-top-column elementor-element elementor-element-1b659e0 elementor-hidden-tablet elementor-hidden-phone\" data-fullscreen-column-settings=\"{&quot;fullscreen&quot;:&quot;&quot;}\" data-id=\"1b659e0\" data-element_type=\"column\">\n\t\t\t<div class=\"elementor-widget-wrap\">\n\t\t\t\t\t\t\t<\/div>\n\t\t<\/div>\n\t\t\t\t<div class=\" elementor-column elementor-col-33 elementor-top-column elementor-element elementor-element-f86d6b8 elementor-invisible\" data-fullscreen-column-settings=\"{&quot;fullscreen&quot;:&quot;&quot;}\" data-id=\"f86d6b8\" data-element_type=\"column\" data-settings=\"{&quot;animation&quot;:&quot;fadeInRight&quot;,&quot;animation_delay&quot;:500}\">\n\t\t\t<div class=\"elementor-widget-wrap elementor-element-populated\">\n\t\t\t\t\t\t<div class=\"elementor-element elementor-element-e4f1afc elementor-widget elementor-widget-image\" data-id=\"e4f1afc\" data-element_type=\"widget\" data-widget_type=\"image.default\">\n\t\t\t\t<div class=\"elementor-widget-container\">\n\t\t\t\t\t\t\t\t\t\t\t\t\t\t\t<img loading=\"lazy\" decoding=\"async\" width=\"1200\" height=\"600\" src=\"https:\/\/campgas.hr\/wp-content\/uploads\/2025\/08\/marine_2018-1.jpg\" class=\"attachment-full size-full wp-image-75985\" alt=\"\" srcset=\"https:\/\/campgas.hr\/wp-content\/uploads\/2025\/08\/marine_2018-1.jpg 1200w, https:\/\/campgas.hr\/wp-content\/uploads\/2025\/08\/marine_2018-1-300x150.jpg 300w, https:\/\/campgas.hr\/wp-content\/uploads\/2025\/08\/marine_2018-1-600x300.jpg 600w, https:\/\/campgas.hr\/wp-content\/uploads\/2025\/08\/marine_2018-1-1024x512.jpg 1024w, https:\/\/campgas.hr\/wp-content\/uploads\/2025\/08\/marine_2018-1-768x384.jpg 768w, https:\/\/campgas.hr\/wp-content\/uploads\/2025\/08\/marine_2018-1-18x9.jpg 18w, https:\/\/campgas.hr\/wp-content\/uploads\/2025\/08\/marine_2018-1-200x100.jpg 200w\" sizes=\"(max-width: 1200px) 100vw, 1200px\" \/>\t\t\t\t\t\t\t\t\t\t\t\t\t\t\t<\/div>\n\t\t\t\t<\/div>\n\t\t\t\t\t<\/div>\n\t\t<\/div>\n\t\t\t\t\t<\/div>\n\t\t<\/section>\n\t\t\t\t<\/div>\n\t\t","protected":false},"excerpt":{"rendered":"<p>Bre\u0161kovi\u0107 gas Marine Line LPG sustavi na brodovima standardizirani su u EN ISO 10239.Ovaj standard uzima u obzir ekstremna optere\u0107enja, poput korozije, niskih i visokih temperatura te sna\u017enog kretanja broda. Mi smo te zahtjeve implementirali u na\u0161 izbor proizvoda za pomorske primjene. Posebno zna\u010dajnu ulogu ima za\u0161tita od korozije. Stoga smo kao materijale koristili nehr\u0111aju\u0107i [&hellip;]<\/p>\n","protected":false},"author":1,"featured_media":0,"parent":0,"menu_order":253,"comment_status":"closed","ping_status":"closed","template":"","meta":{"footnotes":""},"class_list":["post-75983","page","type-page","status-publish","hentry"],"_links":{"self":[{"href":"https:\/\/campgas.hr\/index.php\/wp-json\/wp\/v2\/pages\/75983","targetHints":{"allow":["GET"]}}],"collection":[{"href":"https:\/\/campgas.hr\/index.php\/wp-json\/wp\/v2\/pages"}],"about":[{"href":"https:\/\/campgas.hr\/index.php\/wp-json\/wp\/v2\/types\/page"}],"author":[{"embeddable":true,"href":"https:\/\/campgas.hr\/index.php\/wp-json\/wp\/v2\/users\/1"}],"replies":[{"embeddable":true,"href":"https:\/\/campgas.hr\/index.php\/wp-json\/wp\/v2\/comments?post=75983"}],"version-history":[{"count":7,"href":"https:\/\/campgas.hr\/index.php\/wp-json\/wp\/v2\/pages\/75983\/revisions"}],"predecessor-version":[{"id":75992,"href":"https:\/\/campgas.hr\/index.php\/wp-json\/wp\/v2\/pages\/75983\/revisions\/75992"}],"wp:attachment":[{"href":"https:\/\/campgas.hr\/index.php\/wp-json\/wp\/v2\/media?parent=75983"}],"curies":[{"name":"wp","href":"https:\/\/api.w.org\/{rel}","templated":true}]}}