{"id":75950,"date":"2025-06-12T11:37:30","date_gmt":"2025-06-12T11:37:30","guid":{"rendered":"https:\/\/campgas.hr\/?post_type=product&#038;p=75950"},"modified":"2025-08-29T19:39:40","modified_gmt":"2025-08-29T19:39:40","slug":"alugas-rucna-plinska-boca-11-kg","status":"publish","type":"product","link":"https:\/\/campgas.hr\/index.php\/product\/alugas-rucna-plinska-boca-11-kg\/","title":{"rendered":"ALUGAS ru\u010dna plinska boca 11 kg"},"content":{"rendered":"<p>Opustite se jo\u0161 lak\u0161e: aluminijske plinske boce za boravak na otvorenom i slobodno vrijeme<\/p>\n","protected":false},"excerpt":{"rendered":"<p data-start=\"0\" data-end=\"55\"><strong data-start=\"0\" data-end=\"53\">ALUGAS ru\u010dna plinska boca 11 kg \u2013 Tehni\u010dki podaci<\/strong><\/p>\n<ul data-start=\"56\" data-end=\"272\" data-is-last-node=\"\" data-is-only-node=\"\">\n<li data-start=\"56\" data-end=\"80\">\n<p data-start=\"58\" data-end=\"80\">Volumen vode: 27,2 L<\/p>\n<\/li>\n<li data-start=\"81\" data-end=\"116\">\n<p data-start=\"83\" data-end=\"116\">Masa punjenja propanom: 11,4 kg<\/p>\n<\/li>\n<li data-start=\"117\" data-end=\"151\">\n<p data-start=\"119\" data-end=\"151\">Masa punjenja butanom: 13,3 kg<\/p>\n<\/li>\n<li data-start=\"152\" data-end=\"187\">\n<p data-start=\"154\" data-end=\"187\">Tara (masa prazne boce): 5,4 kg<\/p>\n<\/li>\n<li data-start=\"188\" data-end=\"222\">\n<p data-start=\"190\" data-end=\"222\">Visina do vrha ventila: 575 mm<\/p>\n<\/li>\n<li data-start=\"223\" data-end=\"254\">\n<p data-start=\"225\" data-end=\"254\">Visina do vrha ovratnika: \u2013<\/p>\n<\/li>\n<li data-start=\"255\" data-end=\"272\" data-is-last-node=\"\">\n<p data-start=\"257\" data-end=\"272\" data-is-last-node=\"\">Promjer: 300 mm<\/p>\n<\/li>\n<\/ul>\n","protected":false},"featured_media":75951,"template":"","meta":[],"product_brand":[],"product_cat":[90],"product_tag":[],"class_list":{"0":"post-75950","1":"product","2":"type-product","3":"status-publish","4":"has-post-thumbnail","6":"product_cat-alugas","8":"first","9":"instock","10":"shipping-taxable","11":"product-type-simple","12":"litho-product-3col"},"_links":{"self":[{"href":"https:\/\/campgas.hr\/index.php\/wp-json\/wp\/v2\/product\/75950","targetHints":{"allow":["GET"]}}],"collection":[{"href":"https:\/\/campgas.hr\/index.php\/wp-json\/wp\/v2\/product"}],"about":[{"href":"https:\/\/campgas.hr\/index.php\/wp-json\/wp\/v2\/types\/product"}],"wp:featuredmedia":[{"embeddable":true,"href":"https:\/\/campgas.hr\/index.php\/wp-json\/wp\/v2\/media\/75951"}],"wp:attachment":[{"href":"https:\/\/campgas.hr\/index.php\/wp-json\/wp\/v2\/media?parent=75950"}],"wp:term":[{"taxonomy":"product_brand","embeddable":true,"href":"https:\/\/campgas.hr\/index.php\/wp-json\/wp\/v2\/product_brand?post=75950"},{"taxonomy":"product_cat","embeddable":true,"href":"https:\/\/campgas.hr\/index.php\/wp-json\/wp\/v2\/product_cat?post=75950"},{"taxonomy":"product_tag","embeddable":true,"href":"https:\/\/campgas.hr\/index.php\/wp-json\/wp\/v2\/product_tag?post=75950"}],"curies":[{"name":"wp","href":"https:\/\/api.w.org\/{rel}","templated":true}]}}