{"id":75952,"date":"2025-06-12T11:40:39","date_gmt":"2025-06-12T11:40:39","guid":{"rendered":"https:\/\/campgas.hr\/?post_type=product&#038;p=75952"},"modified":"2025-08-29T19:39:08","modified_gmt":"2025-08-29T19:39:08","slug":"alugas-plinska-boca-s-ovratnikom-11-kg-viljuskar","status":"publish","type":"product","link":"https:\/\/campgas.hr\/index.php\/product\/alugas-plinska-boca-s-ovratnikom-11-kg-viljuskar\/","title":{"rendered":"ALUGAS plinska boca s ovratnikom 11 kg &#8211; Vilju\u0161kar"},"content":{"rendered":"<p>Opustite se jo\u0161 lak\u0161e: aluminijske plinske boce za boravak na otvorenom i slobodno vrijeme<\/p>\n","protected":false},"excerpt":{"rendered":"<p data-start=\"0\" data-end=\"62\"><strong data-start=\"0\" data-end=\"60\">ALUGAS plinska boca s ovratnikom 11 kg \u2013 Tehni\u010dki podaci<\/strong><\/p>\n<ul data-start=\"63\" data-end=\"279\" data-is-last-node=\"\" data-is-only-node=\"\">\n<li data-start=\"63\" data-end=\"87\">\n<p data-start=\"65\" data-end=\"87\">Volumen vode: 27,2 L<\/p>\n<\/li>\n<li data-start=\"88\" data-end=\"123\">\n<p data-start=\"90\" data-end=\"123\">Masa punjenja propanom: 11,4 kg<\/p>\n<\/li>\n<li data-start=\"124\" data-end=\"158\">\n<p data-start=\"126\" data-end=\"158\">Masa punjenja butanom: 13,3 kg<\/p>\n<\/li>\n<li data-start=\"159\" data-end=\"194\">\n<p data-start=\"161\" data-end=\"194\">Tara (masa prazne boce): 5,8 kg<\/p>\n<\/li>\n<li data-start=\"195\" data-end=\"224\">\n<p data-start=\"197\" data-end=\"224\">Visina do vrha ventila: \u2013<\/p>\n<\/li>\n<li data-start=\"225\" data-end=\"261\">\n<p data-start=\"227\" data-end=\"261\">Visina do vrha ovratnika: 597 mm<\/p>\n<\/li>\n<li data-start=\"262\" data-end=\"279\" data-is-last-node=\"\">\n<p data-start=\"264\" data-end=\"279\" data-is-last-node=\"\">Promjer: 300 mm<\/p>\n<\/li>\n<\/ul>\n","protected":false},"featured_media":75953,"template":"","meta":[],"product_brand":[],"product_cat":[90],"product_tag":[],"class_list":{"0":"post-75952","1":"product","2":"type-product","3":"status-publish","4":"has-post-thumbnail","6":"product_cat-alugas","8":"first","9":"instock","10":"shipping-taxable","11":"product-type-simple","12":"litho-product-3col"},"_links":{"self":[{"href":"https:\/\/campgas.hr\/index.php\/wp-json\/wp\/v2\/product\/75952","targetHints":{"allow":["GET"]}}],"collection":[{"href":"https:\/\/campgas.hr\/index.php\/wp-json\/wp\/v2\/product"}],"about":[{"href":"https:\/\/campgas.hr\/index.php\/wp-json\/wp\/v2\/types\/product"}],"wp:featuredmedia":[{"embeddable":true,"href":"https:\/\/campgas.hr\/index.php\/wp-json\/wp\/v2\/media\/75953"}],"wp:attachment":[{"href":"https:\/\/campgas.hr\/index.php\/wp-json\/wp\/v2\/media?parent=75952"}],"wp:term":[{"taxonomy":"product_brand","embeddable":true,"href":"https:\/\/campgas.hr\/index.php\/wp-json\/wp\/v2\/product_brand?post=75952"},{"taxonomy":"product_cat","embeddable":true,"href":"https:\/\/campgas.hr\/index.php\/wp-json\/wp\/v2\/product_cat?post=75952"},{"taxonomy":"product_tag","embeddable":true,"href":"https:\/\/campgas.hr\/index.php\/wp-json\/wp\/v2\/product_tag?post=75952"}],"curies":[{"name":"wp","href":"https:\/\/api.w.org\/{rel}","templated":true}]}}