{"id":75959,"date":"2025-06-12T12:59:21","date_gmt":"2025-06-12T12:59:21","guid":{"rendered":"https:\/\/campgas.hr\/?post_type=product&#038;p=75959"},"modified":"2025-08-29T19:41:45","modified_gmt":"2025-08-29T19:41:45","slug":"plava-celicna-3kg","status":"publish","type":"product","link":"https:\/\/campgas.hr\/index.php\/product\/plava-celicna-3kg\/","title":{"rendered":"Plava-\u010deli\u010dna 3kg"},"content":{"rendered":"<p>Aluminijske boce za propan-butan jedinstvene su na tr\u017ei\u0161tu. Razvili smo ih za upotrebu na jedrilicama i manjim motornim \u010damcima. Izra\u0111ene su od visokokvalitetne aluminijske legure koja osigurava visoku otpornost na vanjske utjecaje te imaju malu masu, \u0161to omogu\u0107uje njihovu primjenu i u drugim podru\u010djima poput kampiranja i obrtni\u0161tva.<\/p>\n","protected":false},"excerpt":{"rendered":"<p>\u0160irina: 250mm<br \/>\nVi\u0161ina: 203mm<br \/>\nVolumen: 6,02l<br \/>\nPropan-butan: 3kg<br \/>\nTe\u017eina prazne posude: 3,6kg<br \/>\nPreizkusni tlak: 33bar<br \/>\nVentil: M16x1,5mm (francuski ventil)<\/p>\n","protected":false},"featured_media":75960,"template":"","meta":[],"product_brand":[],"product_cat":[91],"product_tag":[],"class_list":{"0":"post-75959","1":"product","2":"type-product","3":"status-publish","4":"has-post-thumbnail","6":"product_cat-alu-boce","8":"first","9":"instock","10":"shipping-taxable","11":"product-type-simple","12":"litho-product-3col"},"_links":{"self":[{"href":"https:\/\/campgas.hr\/index.php\/wp-json\/wp\/v2\/product\/75959","targetHints":{"allow":["GET"]}}],"collection":[{"href":"https:\/\/campgas.hr\/index.php\/wp-json\/wp\/v2\/product"}],"about":[{"href":"https:\/\/campgas.hr\/index.php\/wp-json\/wp\/v2\/types\/product"}],"wp:featuredmedia":[{"embeddable":true,"href":"https:\/\/campgas.hr\/index.php\/wp-json\/wp\/v2\/media\/75960"}],"wp:attachment":[{"href":"https:\/\/campgas.hr\/index.php\/wp-json\/wp\/v2\/media?parent=75959"}],"wp:term":[{"taxonomy":"product_brand","embeddable":true,"href":"https:\/\/campgas.hr\/index.php\/wp-json\/wp\/v2\/product_brand?post=75959"},{"taxonomy":"product_cat","embeddable":true,"href":"https:\/\/campgas.hr\/index.php\/wp-json\/wp\/v2\/product_cat?post=75959"},{"taxonomy":"product_tag","embeddable":true,"href":"https:\/\/campgas.hr\/index.php\/wp-json\/wp\/v2\/product_tag?post=75959"}],"curies":[{"name":"wp","href":"https:\/\/api.w.org\/{rel}","templated":true}]}}