{"id":76005,"date":"2025-08-29T17:45:56","date_gmt":"2025-08-29T17:45:56","guid":{"rendered":"https:\/\/campgas.hr\/?post_type=product&#038;p=76005"},"modified":"2025-08-29T19:45:51","modified_gmt":"2025-08-29T19:45:51","slug":"plinsko-crijevo-prikljucak-s-prstenom-za-rezanje-s-obje-strane","status":"publish","type":"product","link":"https:\/\/campgas.hr\/index.php\/product\/plinsko-crijevo-prikljucak-s-prstenom-za-rezanje-s-obje-strane\/","title":{"rendered":"Plinsko crijevo \/ Priklju\u010dak s prstenom za rezanje s obje strane"},"content":{"rendered":"<p>Odobrene i testirane tla\u010dna plinska crijeva s mesinganim spojnicama za pomorske primjene. Dostupne u razli\u010ditim duljinama.<\/p>\n","protected":false},"excerpt":{"rendered":"<p data-start=\"18\" data-end=\"73\"><strong data-start=\"18\" data-end=\"71\">Plinsko crijevo \/ Prsten za rezanje s obje strane<\/strong><\/p>\n<p data-start=\"75\" data-end=\"334\">Odobrena i testirana plinska tla\u010dna crijeva s mesinganim priklju\u010dcima za pomorski sektor. Gumeno crijevo (6,3 x 3,5 mm) ima tekstilni omota\u010d i otporno je na hladno\u0107u do \u201330 \u00b0C.<br data-start=\"251\" data-end=\"254\" \/>Priklju\u010dci: prsten za rezanje (Ermeto) RVS 8. Dostupno u razli\u010ditim duljinama.<\/p>\n<p data-start=\"336\" data-end=\"508\"><strong data-start=\"336\" data-end=\"377\">Napomena o trajnosti plinskih crijeva<\/strong><br data-start=\"377\" data-end=\"380\" \/>Datum proizvodnje i norma otisnuti su na plinskom crijevu. Za vijek trajanja uvijek se referirajte na datum naveden na oznaci.<\/p>\n","protected":false},"featured_media":76006,"template":"","meta":[],"product_brand":[],"product_cat":[92],"product_tag":[],"class_list":{"0":"post-76005","1":"product","2":"type-product","3":"status-publish","4":"has-post-thumbnail","6":"product_cat-gok","8":"first","9":"instock","10":"shipping-taxable","11":"product-type-simple","12":"litho-product-3col"},"_links":{"self":[{"href":"https:\/\/campgas.hr\/index.php\/wp-json\/wp\/v2\/product\/76005","targetHints":{"allow":["GET"]}}],"collection":[{"href":"https:\/\/campgas.hr\/index.php\/wp-json\/wp\/v2\/product"}],"about":[{"href":"https:\/\/campgas.hr\/index.php\/wp-json\/wp\/v2\/types\/product"}],"wp:featuredmedia":[{"embeddable":true,"href":"https:\/\/campgas.hr\/index.php\/wp-json\/wp\/v2\/media\/76006"}],"wp:attachment":[{"href":"https:\/\/campgas.hr\/index.php\/wp-json\/wp\/v2\/media?parent=76005"}],"wp:term":[{"taxonomy":"product_brand","embeddable":true,"href":"https:\/\/campgas.hr\/index.php\/wp-json\/wp\/v2\/product_brand?post=76005"},{"taxonomy":"product_cat","embeddable":true,"href":"https:\/\/campgas.hr\/index.php\/wp-json\/wp\/v2\/product_cat?post=76005"},{"taxonomy":"product_tag","embeddable":true,"href":"https:\/\/campgas.hr\/index.php\/wp-json\/wp\/v2\/product_tag?post=76005"}],"curies":[{"name":"wp","href":"https:\/\/api.w.org\/{rel}","templated":true}]}}