{"id":76008,"date":"2025-08-29T17:53:34","date_gmt":"2025-08-29T17:53:34","guid":{"rendered":"https:\/\/campgas.hr\/?post_type=product&#038;p=76008"},"modified":"2025-08-29T19:47:40","modified_gmt":"2025-08-29T19:47:40","slug":"plinsko-crijevo-spojna-matica-x-8-mm-prikljucna-cahura","status":"publish","type":"product","link":"https:\/\/campgas.hr\/index.php\/product\/plinsko-crijevo-spojna-matica-x-8-mm-prikljucna-cahura\/","title":{"rendered":"Plinsko crijevo \/ Spojna matica x 8 mm priklju\u010dna \u010dahura"},"content":{"rendered":"<p>Odobrene i testirane tla\u010dna plinska crijeva s mesinganim spojnicama za pomorske primjene. Dostupne u razli\u010ditim duljinama.<\/p>\n","protected":false},"excerpt":{"rendered":"<p data-start=\"18\" data-end=\"294\"><strong data-start=\"18\" data-end=\"102\">Odobreno tla\u010dno plinsko crijevo s mesinganim vij\u010danim spojem za pomorski sektor.<\/strong><br data-start=\"102\" data-end=\"105\" \/>Gumeno crijevo (6,3 x 3,5 mm) ima tekstilni omota\u010d i otporno je na hladno\u0107u do \u201330 \u00b0C.<br data-start=\"191\" data-end=\"194\" \/><strong data-start=\"194\" data-end=\"209\">Priklju\u010dci:<\/strong> spojna matica s 1\/4&#8243; unutarnjim lijevim navojem i priklju\u010dna \u010dahura za cijev 8 mm.<\/p>\n<p data-start=\"296\" data-end=\"323\"><strong data-start=\"296\" data-end=\"321\">Ozna\u010davanje na slici:<\/strong><\/p>\n<ul data-start=\"324\" data-end=\"429\">\n<li data-start=\"324\" data-end=\"371\">\n<p data-start=\"326\" data-end=\"371\"><strong data-start=\"326\" data-end=\"337\">Broj 1:<\/strong> Priklju\u010dna \u010dahura za cijev 8 mm<\/p>\n<\/li>\n<li data-start=\"372\" data-end=\"429\">\n<p data-start=\"374\" data-end=\"429\"><strong data-start=\"374\" data-end=\"385\">Broj 2:<\/strong> Spojna matica 1\/4&#8243; unutarnji lijevi navoj<\/p>\n<\/li>\n<\/ul>\n<p data-start=\"431\" data-end=\"605\"><strong data-start=\"431\" data-end=\"472\">Napomena o trajnosti plinskih crijeva<\/strong><br data-start=\"472\" data-end=\"475\" \/>Datum proizvodnje i norma otisnuti su na plinskom crijevu. Za vijek trajanja uvijek se referirajte na datum naveden na oznaci.<\/p>\n","protected":false},"featured_media":76010,"template":"","meta":[],"product_brand":[],"product_cat":[92],"product_tag":[],"class_list":{"0":"post-76008","1":"product","2":"type-product","3":"status-publish","4":"has-post-thumbnail","6":"product_cat-gok","8":"first","9":"instock","10":"shipping-taxable","11":"product-type-simple","12":"litho-product-3col"},"_links":{"self":[{"href":"https:\/\/campgas.hr\/index.php\/wp-json\/wp\/v2\/product\/76008","targetHints":{"allow":["GET"]}}],"collection":[{"href":"https:\/\/campgas.hr\/index.php\/wp-json\/wp\/v2\/product"}],"about":[{"href":"https:\/\/campgas.hr\/index.php\/wp-json\/wp\/v2\/types\/product"}],"wp:featuredmedia":[{"embeddable":true,"href":"https:\/\/campgas.hr\/index.php\/wp-json\/wp\/v2\/media\/76010"}],"wp:attachment":[{"href":"https:\/\/campgas.hr\/index.php\/wp-json\/wp\/v2\/media?parent=76008"}],"wp:term":[{"taxonomy":"product_brand","embeddable":true,"href":"https:\/\/campgas.hr\/index.php\/wp-json\/wp\/v2\/product_brand?post=76008"},{"taxonomy":"product_cat","embeddable":true,"href":"https:\/\/campgas.hr\/index.php\/wp-json\/wp\/v2\/product_cat?post=76008"},{"taxonomy":"product_tag","embeddable":true,"href":"https:\/\/campgas.hr\/index.php\/wp-json\/wp\/v2\/product_tag?post=76008"}],"curies":[{"name":"wp","href":"https:\/\/api.w.org\/{rel}","templated":true}]}}