{"id":76012,"date":"2025-08-29T17:57:38","date_gmt":"2025-08-29T17:57:38","guid":{"rendered":"https:\/\/campgas.hr\/?post_type=product&#038;p=76012"},"modified":"2025-08-29T19:46:24","modified_gmt":"2025-08-29T19:46:24","slug":"plinsko-crijevo-prstenasti-spoj-x-prikljucna-cahura-za-cijev-8-mm","status":"publish","type":"product","link":"https:\/\/campgas.hr\/index.php\/product\/plinsko-crijevo-prstenasti-spoj-x-prikljucna-cahura-za-cijev-8-mm\/","title":{"rendered":"Plinsko crijevo \/ prstenasti spoj x priklju\u010dna \u010dahura za cijev 8 mm"},"content":{"rendered":"<p>Odobrene i testirane tla\u010dna plinska crijeva s mesinganim spojnicama za pomorske primjene. Dostupne u razli\u010ditim duljinama.<\/p>\n","protected":false},"excerpt":{"rendered":"<p data-start=\"0\" data-end=\"247\">Odobrena i testirana plinska tla\u010dna crijeva s mjedenim spojnicama za pomorski sektor. Gumeno crijevo (6,3 x 3,5 mm) ima tekstilnu ovojnicu i otporno je na hladno\u0107u do -30 \u00b0C. Spojevi: prstenasti spoj (Ermeto) RVS 8 i priklju\u010dak za cijev od 8 mm.<\/p>\n<p data-start=\"249\" data-end=\"272\">Ozna\u010davanje na slici:<\/p>\n<p data-start=\"274\" data-end=\"357\">Broj 1\u2003Priklju\u010dna \u010dahura za cijev 8 mm<br data-start=\"312\" data-end=\"315\" \/>Broj 2\u2003Prstenasti spoj RVS 8 mm (Ermeto)<\/p>\n<p data-start=\"359\" data-end=\"509\" data-is-last-node=\"\" data-is-only-node=\"\">Napomena o trajnosti plinskih crijeva<br data-start=\"396\" data-end=\"399\" \/>Datum proizvodnje i standard otisnuti su na plinskom crijevu. Za vijek trajanja koristite datum na naljepnici.<\/p>\n","protected":false},"featured_media":76013,"template":"","meta":[],"product_brand":[],"product_cat":[92],"product_tag":[],"class_list":{"0":"post-76012","1":"product","2":"type-product","3":"status-publish","4":"has-post-thumbnail","6":"product_cat-gok","8":"first","9":"instock","10":"shipping-taxable","11":"product-type-simple","12":"litho-product-3col"},"_links":{"self":[{"href":"https:\/\/campgas.hr\/index.php\/wp-json\/wp\/v2\/product\/76012","targetHints":{"allow":["GET"]}}],"collection":[{"href":"https:\/\/campgas.hr\/index.php\/wp-json\/wp\/v2\/product"}],"about":[{"href":"https:\/\/campgas.hr\/index.php\/wp-json\/wp\/v2\/types\/product"}],"wp:featuredmedia":[{"embeddable":true,"href":"https:\/\/campgas.hr\/index.php\/wp-json\/wp\/v2\/media\/76013"}],"wp:attachment":[{"href":"https:\/\/campgas.hr\/index.php\/wp-json\/wp\/v2\/media?parent=76012"}],"wp:term":[{"taxonomy":"product_brand","embeddable":true,"href":"https:\/\/campgas.hr\/index.php\/wp-json\/wp\/v2\/product_brand?post=76012"},{"taxonomy":"product_cat","embeddable":true,"href":"https:\/\/campgas.hr\/index.php\/wp-json\/wp\/v2\/product_cat?post=76012"},{"taxonomy":"product_tag","embeddable":true,"href":"https:\/\/campgas.hr\/index.php\/wp-json\/wp\/v2\/product_tag?post=76012"}],"curies":[{"name":"wp","href":"https:\/\/api.w.org\/{rel}","templated":true}]}}