{"id":76019,"date":"2025-08-29T18:03:41","date_gmt":"2025-08-29T18:03:41","guid":{"rendered":"https:\/\/campgas.hr\/?post_type=product&#038;p=76019"},"modified":"2025-08-29T19:49:52","modified_gmt":"2025-08-29T19:49:52","slug":"regulator-tlaka-30-mbar-za-brodice","status":"publish","type":"product","link":"https:\/\/campgas.hr\/index.php\/product\/regulator-tlaka-30-mbar-za-brodice\/","title":{"rendered":"Regulator tlaka 30 mbar \/ za brodice"},"content":{"rendered":"<p>Morski plinski regulator pogodan je za spajanje na LPG boce kapaciteta do 14 kg. Protok: 0,8 kg\/h. U isporuci je uklju\u010den mjera\u010d tlaka.<\/p>\n","protected":false},"excerpt":{"rendered":"<p>Ovaj morski plinski regulator pogodan je za spajanje na LPG boce kapaciteta do 14 kg putem malog navoja za bocu. Morski plinski regulatori posebno su prilago\u0111eni ve\u0107im zahtjevima na moru (npr. korozija, niske i visoke temperature te sna\u017eni pokreti broda) u skladu s EN ISO 10239. Sastoji se od regulatora niskog tlaka s integriranim sigurnosnim ure\u0111ajem protiv pretlaka s 8 mm priklju\u010dkom za vanjsko oduzimanje. EG ispitivanje tipa prema DGR. 30 mbar. Protok: 0,8 kg\/h. U isporuci je uklju\u010den mjera\u010d tlaka.<br data-start=\"506\" data-end=\"509\" \/>Napomena: Stari regulatori moraju se zamijeniti novima u skladu s DIN EN 12864, prilog M.<\/p>\n","protected":false},"featured_media":76020,"template":"","meta":[],"product_brand":[],"product_cat":[92],"product_tag":[],"class_list":{"0":"post-76019","1":"product","2":"type-product","3":"status-publish","4":"has-post-thumbnail","6":"product_cat-gok","8":"first","9":"instock","10":"shipping-taxable","11":"product-type-simple","12":"litho-product-3col"},"_links":{"self":[{"href":"https:\/\/campgas.hr\/index.php\/wp-json\/wp\/v2\/product\/76019","targetHints":{"allow":["GET"]}}],"collection":[{"href":"https:\/\/campgas.hr\/index.php\/wp-json\/wp\/v2\/product"}],"about":[{"href":"https:\/\/campgas.hr\/index.php\/wp-json\/wp\/v2\/types\/product"}],"wp:featuredmedia":[{"embeddable":true,"href":"https:\/\/campgas.hr\/index.php\/wp-json\/wp\/v2\/media\/76020"}],"wp:attachment":[{"href":"https:\/\/campgas.hr\/index.php\/wp-json\/wp\/v2\/media?parent=76019"}],"wp:term":[{"taxonomy":"product_brand","embeddable":true,"href":"https:\/\/campgas.hr\/index.php\/wp-json\/wp\/v2\/product_brand?post=76019"},{"taxonomy":"product_cat","embeddable":true,"href":"https:\/\/campgas.hr\/index.php\/wp-json\/wp\/v2\/product_cat?post=76019"},{"taxonomy":"product_tag","embeddable":true,"href":"https:\/\/campgas.hr\/index.php\/wp-json\/wp\/v2\/product_tag?post=76019"}],"curies":[{"name":"wp","href":"https:\/\/api.w.org\/{rel}","templated":true}]}}