{"id":76035,"date":"2025-08-30T11:05:13","date_gmt":"2025-08-30T11:05:13","guid":{"rendered":"https:\/\/campgas.hr\/?post_type=product&#038;p=76035"},"modified":"2025-08-30T11:08:00","modified_gmt":"2025-08-30T11:08:00","slug":"gaz-sigurnosni-ventil-za-butanske-plinske-boce","status":"publish","type":"product","link":"https:\/\/campgas.hr\/index.php\/product\/gaz-sigurnosni-ventil-za-butanske-plinske-boce\/","title":{"rendered":"GAZ\u00ae sigurnosni ventil za butanske plinske boce"},"content":{"rendered":"<p>Za spajanje na butanske GAZ\u00ae boce do 3 kg mase punjenja. Mo\u017ee se koristiti na brodu za spajanje na GAZ\u00ae boce s regulatorom tlaka.<\/p>\n","protected":false},"excerpt":{"rendered":"<p>Za spajanje na butanske GAZ\u00ae boce do 3 kg mase punjenja. Mo\u017ee se koristiti na brodu za spajanje na GAZ\u00ae boce s regulatorom tlaka. Nazivni pode\u0161eni tlak sigurnosnog ventila: 13,8 bar. GAZ navojni priklju\u010dak: M16 x 1,5-RH. Izlazni vanjski navojni priklju\u010dak: KLF.<\/p>\n","protected":false},"featured_media":76036,"template":"","meta":[],"product_brand":[],"product_cat":[92],"product_tag":[],"class_list":{"0":"post-76035","1":"product","2":"type-product","3":"status-publish","4":"has-post-thumbnail","6":"product_cat-gok","8":"first","9":"instock","10":"shipping-taxable","11":"product-type-simple","12":"litho-product-3col"},"_links":{"self":[{"href":"https:\/\/campgas.hr\/index.php\/wp-json\/wp\/v2\/product\/76035","targetHints":{"allow":["GET"]}}],"collection":[{"href":"https:\/\/campgas.hr\/index.php\/wp-json\/wp\/v2\/product"}],"about":[{"href":"https:\/\/campgas.hr\/index.php\/wp-json\/wp\/v2\/types\/product"}],"wp:featuredmedia":[{"embeddable":true,"href":"https:\/\/campgas.hr\/index.php\/wp-json\/wp\/v2\/media\/76036"}],"wp:attachment":[{"href":"https:\/\/campgas.hr\/index.php\/wp-json\/wp\/v2\/media?parent=76035"}],"wp:term":[{"taxonomy":"product_brand","embeddable":true,"href":"https:\/\/campgas.hr\/index.php\/wp-json\/wp\/v2\/product_brand?post=76035"},{"taxonomy":"product_cat","embeddable":true,"href":"https:\/\/campgas.hr\/index.php\/wp-json\/wp\/v2\/product_cat?post=76035"},{"taxonomy":"product_tag","embeddable":true,"href":"https:\/\/campgas.hr\/index.php\/wp-json\/wp\/v2\/product_tag?post=76035"}],"curies":[{"name":"wp","href":"https:\/\/api.w.org\/{rel}","templated":true}]}}