{"id":76060,"date":"2025-08-30T11:32:40","date_gmt":"2025-08-30T11:32:40","guid":{"rendered":"https:\/\/campgas.hr\/?post_type=product&#038;p=76060"},"modified":"2025-08-30T11:35:08","modified_gmt":"2025-08-30T11:35:08","slug":"plinski-zaporni-ventil-pojedinacni","status":"publish","type":"product","link":"https:\/\/campgas.hr\/index.php\/product\/plinski-zaporni-ventil-pojedinacni\/","title":{"rendered":"Plinski zaporni ventil \/ pojedina\u010dni"},"content":{"rendered":"<p dir=\"auto\">Ovaj sigurnosni ventil s brzim zatvaranjem pogodan je za cijevi ili crijeva od 8 mm s cijevnim zavr\u0161etcima.<\/p>\n","protected":false},"excerpt":{"rendered":"<p dir=\"auto\">Ovaj sigurnosni ventil s brzim zatvaranjem pogodan je za cijevi ili crijeva od 8 mm s cijevnim zavr\u0161etcima. Povezani ure\u0111aj mo\u017ee se ozna\u010diti simbolom. S nosa\u010dem za monta\u017eu za sigurnu ugradnju. Odobren prema DIN \/ DVGW standardima. Materijal: mjed.<\/p>\n<p dir=\"auto\">Napomena! Prstenovi za stezanje uklju\u010deni.<\/p>\n","protected":false},"featured_media":76061,"template":"","meta":[],"product_brand":[],"product_cat":[92],"product_tag":[],"class_list":{"0":"post-76060","1":"product","2":"type-product","3":"status-publish","4":"has-post-thumbnail","6":"product_cat-gok","8":"first","9":"instock","10":"shipping-taxable","11":"product-type-simple","12":"litho-product-3col"},"_links":{"self":[{"href":"https:\/\/campgas.hr\/index.php\/wp-json\/wp\/v2\/product\/76060","targetHints":{"allow":["GET"]}}],"collection":[{"href":"https:\/\/campgas.hr\/index.php\/wp-json\/wp\/v2\/product"}],"about":[{"href":"https:\/\/campgas.hr\/index.php\/wp-json\/wp\/v2\/types\/product"}],"wp:featuredmedia":[{"embeddable":true,"href":"https:\/\/campgas.hr\/index.php\/wp-json\/wp\/v2\/media\/76061"}],"wp:attachment":[{"href":"https:\/\/campgas.hr\/index.php\/wp-json\/wp\/v2\/media?parent=76060"}],"wp:term":[{"taxonomy":"product_brand","embeddable":true,"href":"https:\/\/campgas.hr\/index.php\/wp-json\/wp\/v2\/product_brand?post=76060"},{"taxonomy":"product_cat","embeddable":true,"href":"https:\/\/campgas.hr\/index.php\/wp-json\/wp\/v2\/product_cat?post=76060"},{"taxonomy":"product_tag","embeddable":true,"href":"https:\/\/campgas.hr\/index.php\/wp-json\/wp\/v2\/product_tag?post=76060"}],"curies":[{"name":"wp","href":"https:\/\/api.w.org\/{rel}","templated":true}]}}