{"id":76071,"date":"2025-08-30T11:43:15","date_gmt":"2025-08-30T11:43:15","guid":{"rendered":"https:\/\/campgas.hr\/?post_type=product&#038;p=76071"},"modified":"2025-08-30T11:47:55","modified_gmt":"2025-08-30T11:47:55","slug":"adapter-za-plinsko-povezivanje-tip-4","status":"publish","type":"product","link":"https:\/\/campgas.hr\/index.php\/product\/adapter-za-plinsko-povezivanje-tip-4\/","title":{"rendered":"Adapter za plinsko povezivanje tip 4"},"content":{"rendered":"<p dir=\"auto\">Ovi plinski konektori prikladni su za povezivanje regulatora tlaka s njema\u010dkim priklju\u010dkom na boce s teku\u0107im plinom iz drugih europskih zemalja.<\/p>\n<p dir=\"auto\">Tip 4: Danska, Engleska, Francuska, Hrvatska, Nizozemska, Italija, Austrija, \u0160vicarska, \u0160panjolska<\/p>\n","protected":false},"excerpt":{"rendered":"<p dir=\"auto\">Mjedeni prolazi za pregrade, dostupni u ravnoj verziji. Pogodni za cijevi od 8 mm. Prolazi za pregrade namijenjeni su za uporabu s \u010dahurama kroz zidove i pregrade (u plinskoj kutiji). Pogodni za debljinu zida od 20 mm. Odobreni prema DIN \/ DVGW standardima.<\/p>\n<p dir=\"auto\">Napomena: Prilikom uporabe s bakrenim cijevima, preporu\u010duju se \u010dahure (broj artikla 36575).<\/p>\n","protected":false},"featured_media":76072,"template":"","meta":[],"product_brand":[],"product_cat":[92],"product_tag":[],"class_list":{"0":"post-76071","1":"product","2":"type-product","3":"status-publish","4":"has-post-thumbnail","6":"product_cat-gok","8":"first","9":"instock","10":"shipping-taxable","11":"product-type-simple","12":"litho-product-3col"},"_links":{"self":[{"href":"https:\/\/campgas.hr\/index.php\/wp-json\/wp\/v2\/product\/76071","targetHints":{"allow":["GET"]}}],"collection":[{"href":"https:\/\/campgas.hr\/index.php\/wp-json\/wp\/v2\/product"}],"about":[{"href":"https:\/\/campgas.hr\/index.php\/wp-json\/wp\/v2\/types\/product"}],"wp:featuredmedia":[{"embeddable":true,"href":"https:\/\/campgas.hr\/index.php\/wp-json\/wp\/v2\/media\/76072"}],"wp:attachment":[{"href":"https:\/\/campgas.hr\/index.php\/wp-json\/wp\/v2\/media?parent=76071"}],"wp:term":[{"taxonomy":"product_brand","embeddable":true,"href":"https:\/\/campgas.hr\/index.php\/wp-json\/wp\/v2\/product_brand?post=76071"},{"taxonomy":"product_cat","embeddable":true,"href":"https:\/\/campgas.hr\/index.php\/wp-json\/wp\/v2\/product_cat?post=76071"},{"taxonomy":"product_tag","embeddable":true,"href":"https:\/\/campgas.hr\/index.php\/wp-json\/wp\/v2\/product_tag?post=76071"}],"curies":[{"name":"wp","href":"https:\/\/api.w.org\/{rel}","templated":true}]}}