{"id":76079,"date":"2025-08-30T11:52:41","date_gmt":"2025-08-30T11:52:41","guid":{"rendered":"https:\/\/campgas.hr\/?post_type=product&#038;p=76079"},"modified":"2025-08-30T12:01:02","modified_gmt":"2025-08-30T12:01:02","slug":"regulator-tlaka-30-mbar-brodski","status":"publish","type":"product","link":"https:\/\/campgas.hr\/index.php\/product\/regulator-tlaka-30-mbar-brodski\/","title":{"rendered":"Regulator tlaka 30 mbar \/ Brodski"},"content":{"rendered":"<p dir=\"auto\">Brodski regulator tlaka za povezivanje na LPG boce kapaciteta do 14 kg. Protok: 0.8 kg\/h. Manometar uklju\u010den u isporuku.<\/p>\n","protected":false},"excerpt":{"rendered":"<p data-start=\"0\" data-end=\"549\">Ovaj brodski plinski regulator pogodan je za spajanje na LPG boce kapaciteta do 14 kg putem malog navoja za bocu. Brodski plinski regulatori posebno su prilago\u0111eni ve\u0107im zahtjevima na moru (npr. korozija, niske i visoke temperature te sna\u017eni pokreti broda) u skladu s EN ISO 10239. Sastoji se od regulatora niskog tlaka s integriranim sigurnosnim ure\u0111ajem protiv pretlaka i 8 mm priklju\u010dkom za vanjsko oduzimanje. EG ispitivanje tipa prema DGR. 30 mbar. Protok: 0,8 kg\/h. U isporuci je uklju\u010den mjera\u010d tlaka. Dimenzije (Dx\u0160xV): cca 105 x 95 x 63 mm.<\/p>\n<p data-start=\"551\" data-end=\"642\" data-is-last-node=\"\" data-is-only-node=\"\">Napomena: &#8220;stari&#8221; regulatori moraju se zamijeniti novima u skladu s DIN EN 12864, prilog M.<\/p>\n","protected":false},"featured_media":76080,"template":"","meta":[],"product_brand":[],"product_cat":[92],"product_tag":[],"class_list":{"0":"post-76079","1":"product","2":"type-product","3":"status-publish","4":"has-post-thumbnail","6":"product_cat-gok","8":"first","9":"instock","10":"shipping-taxable","11":"product-type-simple","12":"litho-product-3col"},"_links":{"self":[{"href":"https:\/\/campgas.hr\/index.php\/wp-json\/wp\/v2\/product\/76079","targetHints":{"allow":["GET"]}}],"collection":[{"href":"https:\/\/campgas.hr\/index.php\/wp-json\/wp\/v2\/product"}],"about":[{"href":"https:\/\/campgas.hr\/index.php\/wp-json\/wp\/v2\/types\/product"}],"wp:featuredmedia":[{"embeddable":true,"href":"https:\/\/campgas.hr\/index.php\/wp-json\/wp\/v2\/media\/76080"}],"wp:attachment":[{"href":"https:\/\/campgas.hr\/index.php\/wp-json\/wp\/v2\/media?parent=76079"}],"wp:term":[{"taxonomy":"product_brand","embeddable":true,"href":"https:\/\/campgas.hr\/index.php\/wp-json\/wp\/v2\/product_brand?post=76079"},{"taxonomy":"product_cat","embeddable":true,"href":"https:\/\/campgas.hr\/index.php\/wp-json\/wp\/v2\/product_cat?post=76079"},{"taxonomy":"product_tag","embeddable":true,"href":"https:\/\/campgas.hr\/index.php\/wp-json\/wp\/v2\/product_tag?post=76079"}],"curies":[{"name":"wp","href":"https:\/\/api.w.org\/{rel}","templated":true}]}}