{"id":76087,"date":"2025-08-30T12:06:13","date_gmt":"2025-08-30T12:06:13","guid":{"rendered":"https:\/\/campgas.hr\/?post_type=product&#038;p=76087"},"modified":"2025-08-30T12:09:25","modified_gmt":"2025-08-30T12:09:25","slug":"tester-curenja-plina-tip-4071-marine","status":"publish","type":"product","link":"https:\/\/campgas.hr\/index.php\/product\/tester-curenja-plina-tip-4071-marine\/","title":{"rendered":"Tester curenja plina Tip 4071 Marine"},"content":{"rendered":"<p dir=\"auto\">Pouzdan tester curenja za LNG\/LPG sustave \u2013 brz i jednostavan za kori\u0161tenje jednim pritiskom na gumb. Pogodan za sve sustave LNG\/LPG niskog i srednjeg tlaka na brodovima. Mogu\u0107e je testiranje \u010dak i na temperaturama ispod nule.<\/p>\n","protected":false},"excerpt":{"rendered":"<p data-start=\"0\" data-end=\"348\">Ovaj tester curenja omogu\u0107uje brzo i u\u010dinkovito testiranje LNG\/LPG sustava \u2013 jednostavno pritiskom na gumb. Instalira se iza regulatora tlaka u cijevi. Pogodan je za sve sustave teku\u0107eg plina niskog i srednjeg tlaka na brodovima. Nakon instalacije dovoljno je nekoliko sekundi pritisnuti crveni testni gumb. Mje\u0161avina glikola u vidnom staklu omogu\u0107uje testiranje \u010dak i na temperaturama ispod nule. Curanje u sustavu prikazuje se mjehuri\u0107ima u vidnom staklu. Test se mo\u017ee ponoviti vi\u0161e puta. Certifikacija: EC-ispravak tipa prema GGR. Maksimalni radni tlak: 2 bar. Gubitak tlaka: maks. 1 bar. Isporuka uklju\u010duje 8 mm gumene umetke.<\/p>\n","protected":false},"featured_media":76088,"template":"","meta":[],"product_brand":[],"product_cat":[92],"product_tag":[],"class_list":{"0":"post-76087","1":"product","2":"type-product","3":"status-publish","4":"has-post-thumbnail","6":"product_cat-gok","8":"first","9":"instock","10":"shipping-taxable","11":"product-type-simple","12":"litho-product-3col"},"_links":{"self":[{"href":"https:\/\/campgas.hr\/index.php\/wp-json\/wp\/v2\/product\/76087","targetHints":{"allow":["GET"]}}],"collection":[{"href":"https:\/\/campgas.hr\/index.php\/wp-json\/wp\/v2\/product"}],"about":[{"href":"https:\/\/campgas.hr\/index.php\/wp-json\/wp\/v2\/types\/product"}],"wp:featuredmedia":[{"embeddable":true,"href":"https:\/\/campgas.hr\/index.php\/wp-json\/wp\/v2\/media\/76088"}],"wp:attachment":[{"href":"https:\/\/campgas.hr\/index.php\/wp-json\/wp\/v2\/media?parent=76087"}],"wp:term":[{"taxonomy":"product_brand","embeddable":true,"href":"https:\/\/campgas.hr\/index.php\/wp-json\/wp\/v2\/product_brand?post=76087"},{"taxonomy":"product_cat","embeddable":true,"href":"https:\/\/campgas.hr\/index.php\/wp-json\/wp\/v2\/product_cat?post=76087"},{"taxonomy":"product_tag","embeddable":true,"href":"https:\/\/campgas.hr\/index.php\/wp-json\/wp\/v2\/product_tag?post=76087"}],"curies":[{"name":"wp","href":"https:\/\/api.w.org\/{rel}","templated":true}]}}