{"id":76115,"date":"2025-09-07T10:06:20","date_gmt":"2025-09-07T10:06:20","guid":{"rendered":"https:\/\/campgas.hr\/?post_type=product&#038;p=76115"},"modified":"2025-09-07T10:09:07","modified_gmt":"2025-09-07T10:09:07","slug":"plinsko-crijevo-cijevne-cahure-8-mm-s-obje-strane","status":"publish","type":"product","link":"https:\/\/campgas.hr\/index.php\/product\/plinsko-crijevo-cijevne-cahure-8-mm-s-obje-strane\/","title":{"rendered":"Plinsko crijevo \/ cijevne \u010dahure 8 mm s obje strane"},"content":{"rendered":"<p data-start=\"0\" data-end=\"365\">Odobrena i testirana plinska crijeva s cijevnim \u010dahurama na oba kraja za spajanje vodova i potro\u0161a\u010dkih ure\u0111aja. Mesingani navojni spojevi i prstenovi od nehr\u0111aju\u0107eg \u010delika imaju maksimalno dopu\u0161teni tlak PS 10 bar. Ova gumena crijeva otporna na koroziju (6,3 x 3,5 mm) imaju tekstilnu oblogu i otporna su na hladno\u0107u do -30 \u00b0C. Dostupna su u razli\u010ditim duljinama.<\/p>\n<p data-start=\"367\" data-end=\"591\"><strong data-start=\"367\" data-end=\"383\">Informacije:<\/strong><br data-start=\"383\" data-end=\"386\" \/>Maksimalni tlak: PS 10 bar<br data-start=\"412\" data-end=\"415\" \/>Otpornost na hladno\u0107u: do -30 \u00b0C<br data-start=\"447\" data-end=\"450\" \/>Certifikat: Njema\u010dko tehni\u010dko-znanstveno udru\u017eenje za plin i vodu (DVGW) \u2013 certifikat tipskog ispitivanja<br data-start=\"555\" data-end=\"558\" \/>Dimenzije crijeva: 6,3 x 3,5 mm<\/p>\n<p data-start=\"593\" data-end=\"694\"><strong data-start=\"593\" data-end=\"607\">Materijal:<\/strong><br data-start=\"607\" data-end=\"610\" \/>Spojevi: mesing<br data-start=\"625\" data-end=\"628\" \/>Prstenovi: nehr\u0111aju\u0107i \u010delik<br data-start=\"655\" data-end=\"658\" \/>Crijevo: guma + tekstilna umetnina<\/p>\n<p data-start=\"696\" data-end=\"862\" data-is-last-node=\"\" data-is-only-node=\"\"><strong data-start=\"696\" data-end=\"738\">Napomena o trajnosti plinskih crijeva!<\/strong><br data-start=\"738\" data-end=\"741\" \/>Datum proizvodnje i norma otisnuti su na plinskom crijevu. Za odre\u0111ivanje trajnosti koristite datum naveden na etiketi.<\/p>\n","protected":false},"excerpt":{"rendered":"<p>Odobrena i testirana plinska crijeva s cijevnim \u010dahurama na oba kraja za spajanje vodova i potro\u0161a\u010dkih ure\u0111aja. Uklju\u010duju mesingane navojne spojeve u morskoj kvaliteti i prstenove od nehr\u0111aju\u0107eg \u010delika. Dostupna u razli\u010ditim duljinama.<\/p>\n","protected":false},"featured_media":76116,"template":"","meta":[],"product_brand":[],"product_cat":[92],"product_tag":[],"class_list":{"0":"post-76115","1":"product","2":"type-product","3":"status-publish","4":"has-post-thumbnail","6":"product_cat-gok","8":"first","9":"instock","10":"shipping-taxable","11":"product-type-simple","12":"litho-product-3col"},"_links":{"self":[{"href":"https:\/\/campgas.hr\/index.php\/wp-json\/wp\/v2\/product\/76115","targetHints":{"allow":["GET"]}}],"collection":[{"href":"https:\/\/campgas.hr\/index.php\/wp-json\/wp\/v2\/product"}],"about":[{"href":"https:\/\/campgas.hr\/index.php\/wp-json\/wp\/v2\/types\/product"}],"wp:featuredmedia":[{"embeddable":true,"href":"https:\/\/campgas.hr\/index.php\/wp-json\/wp\/v2\/media\/76116"}],"wp:attachment":[{"href":"https:\/\/campgas.hr\/index.php\/wp-json\/wp\/v2\/media?parent=76115"}],"wp:term":[{"taxonomy":"product_brand","embeddable":true,"href":"https:\/\/campgas.hr\/index.php\/wp-json\/wp\/v2\/product_brand?post=76115"},{"taxonomy":"product_cat","embeddable":true,"href":"https:\/\/campgas.hr\/index.php\/wp-json\/wp\/v2\/product_cat?post=76115"},{"taxonomy":"product_tag","embeddable":true,"href":"https:\/\/campgas.hr\/index.php\/wp-json\/wp\/v2\/product_tag?post=76115"}],"curies":[{"name":"wp","href":"https:\/\/api.w.org\/{rel}","templated":true}]}}