{"id":76121,"date":"2025-09-07T10:14:04","date_gmt":"2025-09-07T10:14:04","guid":{"rendered":"https:\/\/campgas.hr\/?post_type=product&#038;p=76121"},"modified":"2025-09-07T10:16:02","modified_gmt":"2025-09-07T10:16:02","slug":"detektor-curenja-rashladnog-plina-s-grijanom-diodom","status":"publish","type":"product","link":"https:\/\/campgas.hr\/index.php\/product\/detektor-curenja-rashladnog-plina-s-grijanom-diodom\/","title":{"rendered":"Detektor curenja rashladnog plina s grijanom diodom"},"content":{"rendered":"<p>Visoko osjetljiv, brz i dugotrajan senzor.<br data-start=\"42\" data-end=\"45\" \/>Pouzdano i jednostavno otkrivanje curenja rashladnih plinova, s automatskim ili ru\u010dnim na\u010dinom rada.<br data-start=\"145\" data-end=\"148\" \/>Otkrivanje naj\u010de\u0161\u0107ih rashladnih plinova: CFC, HFC, HCFC, HFO i smjese.<\/p>\n","protected":false},"excerpt":{"rendered":"<p data-start=\"0\" data-end=\"153\">Detektor curenja rashladnog plina be cool R1 je alat za pouzdano otkrivanje svih uobi\u010dajenih rashladnih plinova zahvaljuju\u0107i senzoru s grijanom diodom.<\/p>\n<p data-start=\"155\" data-end=\"273\" data-is-last-node=\"\" data-is-only-node=\"\">Razli\u010dite razine osjetljivosti omogu\u0107uju korisniku otkrivanje i najmanjih curenja, s prikazom na zaslonu ili uz alarm.<\/p>\n","protected":false},"featured_media":76122,"template":"","meta":[],"product_brand":[],"product_cat":[92],"product_tag":[],"class_list":{"0":"post-76121","1":"product","2":"type-product","3":"status-publish","4":"has-post-thumbnail","6":"product_cat-gok","8":"first","9":"instock","10":"shipping-taxable","11":"product-type-simple","12":"litho-product-3col"},"_links":{"self":[{"href":"https:\/\/campgas.hr\/index.php\/wp-json\/wp\/v2\/product\/76121","targetHints":{"allow":["GET"]}}],"collection":[{"href":"https:\/\/campgas.hr\/index.php\/wp-json\/wp\/v2\/product"}],"about":[{"href":"https:\/\/campgas.hr\/index.php\/wp-json\/wp\/v2\/types\/product"}],"wp:featuredmedia":[{"embeddable":true,"href":"https:\/\/campgas.hr\/index.php\/wp-json\/wp\/v2\/media\/76122"}],"wp:attachment":[{"href":"https:\/\/campgas.hr\/index.php\/wp-json\/wp\/v2\/media?parent=76121"}],"wp:term":[{"taxonomy":"product_brand","embeddable":true,"href":"https:\/\/campgas.hr\/index.php\/wp-json\/wp\/v2\/product_brand?post=76121"},{"taxonomy":"product_cat","embeddable":true,"href":"https:\/\/campgas.hr\/index.php\/wp-json\/wp\/v2\/product_cat?post=76121"},{"taxonomy":"product_tag","embeddable":true,"href":"https:\/\/campgas.hr\/index.php\/wp-json\/wp\/v2\/product_tag?post=76121"}],"curies":[{"name":"wp","href":"https:\/\/api.w.org\/{rel}","templated":true}]}}